{"id":901,"date":"2023-06-27T09:44:46","date_gmt":"2023-06-27T07:44:46","guid":{"rendered":"https:\/\/fox-shield.com\/produkt\/manta-multifuncional-pyrotex-classic\/"},"modified":"2024-11-28T20:49:20","modified_gmt":"2024-11-28T18:49:20","slug":"manta-multifuncional-resistente-al-calor-y-a-las-llamas","status":"publish","type":"product","link":"https:\/\/fox-shield.com\/es\/produkt\/manta-multifuncional-resistente-al-calor-y-a-las-llamas\/","title":{"rendered":"Manta multifuncional (PyroTex\u00ae classic)"},"content":{"rendered":"<p>PyroTex<sup>\u00ae<\/sup> classic es suave y c\u00e1lido, adem\u00e1s de tener una efectividad antiv\u00edrica y antimicrobiana del 99%. Esta propiedad es importante por varias razones:<\/p>\n<ul>\n<li>La manta no transmite virus ni bacterias y, por lo tanto, ninguna enfermedad.<\/li>\n<li>La manta nunca tendr\u00e1 mal olor<\/li>\n<li>La manta necesita lavarse con menos frecuencia (menos agua, menos detergente, menos energ\u00eda)<\/li>\n<\/ul>\n<p>Estas propiedades se consiguen sin aditivos qu\u00edmicos.<\/p>\n<h3>Documentos<\/h3>\n<ul>\n<li><a href=\"https:\/\/fox-shield.com\/wp-content\/uploads\/2023\/06\/Datenblatt_Fox-Shield_01_compressed.pdf\">Ficha t\u00e9cnica del Escudo Fox<\/a><\/li>\n<li><a href=\"https:\/\/fox-shield.com\/wp-content\/uploads\/2023\/06\/Sicherheitsdatenblatt_Fox-Shield_RZ_compressed.pdf\">Ficha de datos de seguridad Escudo Fox<\/a><\/li>\n<\/ul>\n","protected":false},"excerpt":{"rendered":"<p>Las propiedades \u00fanicas de PyroTex<sup>\u00ae<\/sup> classic fueron la base para el desarrollo de este extraordinario producto, debido a que nuestra fibra puede hacer mucho m\u00e1s que proteger contra el fuego. Mantas ign\u00edfugas y extintoras con un toque m\u00e1gico, de buen tacto e incluso para la piel de los beb\u00e9s.<\/p>\n","protected":false},"featured_media":554,"comment_status":"closed","ping_status":"closed","template":"","meta":[],"product_cat":[47],"product_tag":[],"yoast_head":"<!-- This site is optimized with the Yoast SEO plugin v21.5 - https:\/\/yoast.com\/wordpress\/plugins\/seo\/ -->\n<title>Manta multifuncional (PyroTex\u00ae classic) - FOX Shield<\/title>\n<meta name=\"robots\" content=\"index, follow, max-snippet:-1, max-image-preview:large, max-video-preview:-1\" \/>\n<link rel=\"canonical\" href=\"https:\/\/fox-shield.com\/es\/produkt\/manta-multifuncional-resistente-al-calor-y-a-las-llamas\/\" \/>\n<meta property=\"og:locale\" content=\"es_ES\" \/>\n<meta property=\"og:type\" content=\"article\" \/>\n<meta property=\"og:title\" content=\"Manta multifuncional (PyroTex\u00ae classic) - FOX Shield\" \/>\n<meta property=\"og:description\" content=\"Las propiedades \u00fanicas de PyroTex\u00ae classic fueron la base para el desarrollo de este extraordinario producto, debido a que nuestra fibra puede hacer mucho m\u00e1s que proteger contra el fuego. Mantas ign\u00edfugas y extintoras con un toque m\u00e1gico, de buen tacto e incluso para la piel de los beb\u00e9s.\" \/>\n<meta property=\"og:url\" content=\"https:\/\/fox-shield.com\/es\/produkt\/manta-multifuncional-resistente-al-calor-y-a-las-llamas\/\" \/>\n<meta property=\"og:site_name\" content=\"FOX Shield\" \/>\n<meta property=\"article:modified_time\" content=\"2024-11-28T18:49:20+00:00\" \/>\n<meta property=\"og:image\" content=\"https:\/\/fox-shield.com\/wp-content\/uploads\/2023\/06\/Decke.jpg\" \/>\n\t<meta property=\"og:image:width\" content=\"1050\" \/>\n\t<meta property=\"og:image:height\" content=\"1260\" \/>\n\t<meta property=\"og:image:type\" content=\"image\/jpeg\" \/>\n<meta name=\"twitter:card\" content=\"summary_large_image\" \/>\n<script type=\"application\/ld+json\" class=\"yoast-schema-graph\">{\"@context\":\"https:\/\/schema.org\",\"@graph\":[{\"@type\":\"WebPage\",\"@id\":\"https:\/\/fox-shield.com\/es\/produkt\/manta-multifuncional-resistente-al-calor-y-a-las-llamas\/\",\"url\":\"https:\/\/fox-shield.com\/es\/produkt\/manta-multifuncional-resistente-al-calor-y-a-las-llamas\/\",\"name\":\"Manta multifuncional (PyroTex\u00ae classic) - FOX Shield\",\"isPartOf\":{\"@id\":\"https:\/\/fox-shield.com\/#website\"},\"datePublished\":\"2023-06-27T07:44:46+00:00\",\"dateModified\":\"2024-11-28T18:49:20+00:00\",\"breadcrumb\":{\"@id\":\"https:\/\/fox-shield.com\/es\/produkt\/manta-multifuncional-resistente-al-calor-y-a-las-llamas\/#breadcrumb\"},\"inLanguage\":\"es\",\"potentialAction\":[{\"@type\":\"ReadAction\",\"target\":[\"https:\/\/fox-shield.com\/es\/produkt\/manta-multifuncional-resistente-al-calor-y-a-las-llamas\/\"]}]},{\"@type\":\"BreadcrumbList\",\"@id\":\"https:\/\/fox-shield.com\/es\/produkt\/manta-multifuncional-resistente-al-calor-y-a-las-llamas\/#breadcrumb\",\"itemListElement\":[{\"@type\":\"ListItem\",\"position\":1,\"name\":\"Startseite\",\"item\":\"https:\/\/fox-shield.com\/es\/pagina-de-inicio\/\"},{\"@type\":\"ListItem\",\"position\":2,\"name\":\"Tienda\",\"item\":\"https:\/\/fox-shield.com\/es\/tienda\/\"},{\"@type\":\"ListItem\",\"position\":3,\"name\":\"Manta multifuncional (PyroTex\u00ae classic)\"}]},{\"@type\":\"WebSite\",\"@id\":\"https:\/\/fox-shield.com\/#website\",\"url\":\"https:\/\/fox-shield.com\/\",\"name\":\"FOX Shield\",\"description\":\"PyroTex for Extreme Conditions\",\"publisher\":{\"@id\":\"https:\/\/fox-shield.com\/#organization\"},\"potentialAction\":[{\"@type\":\"SearchAction\",\"target\":{\"@type\":\"EntryPoint\",\"urlTemplate\":\"https:\/\/fox-shield.com\/?s={search_term_string}\"},\"query-input\":\"required name=search_term_string\"}],\"inLanguage\":\"es\"},{\"@type\":\"Organization\",\"@id\":\"https:\/\/fox-shield.com\/#organization\",\"name\":\"FOX Shield\",\"url\":\"https:\/\/fox-shield.com\/\",\"logo\":{\"@type\":\"ImageObject\",\"inLanguage\":\"es\",\"@id\":\"https:\/\/fox-shield.com\/#\/schema\/logo\/image\/\",\"url\":\"https:\/\/fox-shield.com\/wp-content\/uploads\/2023\/06\/logo.svg\",\"contentUrl\":\"https:\/\/fox-shield.com\/wp-content\/uploads\/2023\/06\/logo.svg\",\"caption\":\"FOX Shield\"},\"image\":{\"@id\":\"https:\/\/fox-shield.com\/#\/schema\/logo\/image\/\"}}]}<\/script>\n<!-- \/ Yoast SEO plugin. -->","yoast_head_json":{"title":"Manta multifuncional (PyroTex\u00ae classic) - FOX Shield","robots":{"index":"index","follow":"follow","max-snippet":"max-snippet:-1","max-image-preview":"max-image-preview:large","max-video-preview":"max-video-preview:-1"},"canonical":"https:\/\/fox-shield.com\/es\/produkt\/manta-multifuncional-resistente-al-calor-y-a-las-llamas\/","og_locale":"es_ES","og_type":"article","og_title":"Manta multifuncional (PyroTex\u00ae classic) - FOX Shield","og_description":"Las propiedades \u00fanicas de PyroTex\u00ae classic fueron la base para el desarrollo de este extraordinario producto, debido a que nuestra fibra puede hacer mucho m\u00e1s que proteger contra el fuego. Mantas ign\u00edfugas y extintoras con un toque m\u00e1gico, de buen tacto e incluso para la piel de los beb\u00e9s.","og_url":"https:\/\/fox-shield.com\/es\/produkt\/manta-multifuncional-resistente-al-calor-y-a-las-llamas\/","og_site_name":"FOX Shield","article_modified_time":"2024-11-28T18:49:20+00:00","og_image":[{"width":1050,"height":1260,"url":"https:\/\/fox-shield.com\/wp-content\/uploads\/2023\/06\/Decke.jpg","type":"image\/jpeg"}],"twitter_card":"summary_large_image","schema":{"@context":"https:\/\/schema.org","@graph":[{"@type":"WebPage","@id":"https:\/\/fox-shield.com\/es\/produkt\/manta-multifuncional-resistente-al-calor-y-a-las-llamas\/","url":"https:\/\/fox-shield.com\/es\/produkt\/manta-multifuncional-resistente-al-calor-y-a-las-llamas\/","name":"Manta multifuncional (PyroTex\u00ae classic) - FOX Shield","isPartOf":{"@id":"https:\/\/fox-shield.com\/#website"},"datePublished":"2023-06-27T07:44:46+00:00","dateModified":"2024-11-28T18:49:20+00:00","breadcrumb":{"@id":"https:\/\/fox-shield.com\/es\/produkt\/manta-multifuncional-resistente-al-calor-y-a-las-llamas\/#breadcrumb"},"inLanguage":"es","potentialAction":[{"@type":"ReadAction","target":["https:\/\/fox-shield.com\/es\/produkt\/manta-multifuncional-resistente-al-calor-y-a-las-llamas\/"]}]},{"@type":"BreadcrumbList","@id":"https:\/\/fox-shield.com\/es\/produkt\/manta-multifuncional-resistente-al-calor-y-a-las-llamas\/#breadcrumb","itemListElement":[{"@type":"ListItem","position":1,"name":"Startseite","item":"https:\/\/fox-shield.com\/es\/pagina-de-inicio\/"},{"@type":"ListItem","position":2,"name":"Tienda","item":"https:\/\/fox-shield.com\/es\/tienda\/"},{"@type":"ListItem","position":3,"name":"Manta multifuncional (PyroTex\u00ae classic)"}]},{"@type":"WebSite","@id":"https:\/\/fox-shield.com\/#website","url":"https:\/\/fox-shield.com\/","name":"FOX Shield","description":"PyroTex for Extreme Conditions","publisher":{"@id":"https:\/\/fox-shield.com\/#organization"},"potentialAction":[{"@type":"SearchAction","target":{"@type":"EntryPoint","urlTemplate":"https:\/\/fox-shield.com\/?s={search_term_string}"},"query-input":"required name=search_term_string"}],"inLanguage":"es"},{"@type":"Organization","@id":"https:\/\/fox-shield.com\/#organization","name":"FOX Shield","url":"https:\/\/fox-shield.com\/","logo":{"@type":"ImageObject","inLanguage":"es","@id":"https:\/\/fox-shield.com\/#\/schema\/logo\/image\/","url":"https:\/\/fox-shield.com\/wp-content\/uploads\/2023\/06\/logo.svg","contentUrl":"https:\/\/fox-shield.com\/wp-content\/uploads\/2023\/06\/logo.svg","caption":"FOX Shield"},"image":{"@id":"https:\/\/fox-shield.com\/#\/schema\/logo\/image\/"}}]}},"_links":{"self":[{"href":"https:\/\/fox-shield.com\/es\/wp-json\/wp\/v2\/product\/901"}],"collection":[{"href":"https:\/\/fox-shield.com\/es\/wp-json\/wp\/v2\/product"}],"about":[{"href":"https:\/\/fox-shield.com\/es\/wp-json\/wp\/v2\/types\/product"}],"replies":[{"embeddable":true,"href":"https:\/\/fox-shield.com\/es\/wp-json\/wp\/v2\/comments?post=901"}],"wp:featuredmedia":[{"embeddable":true,"href":"https:\/\/fox-shield.com\/es\/wp-json\/wp\/v2\/media\/554"}],"wp:attachment":[{"href":"https:\/\/fox-shield.com\/es\/wp-json\/wp\/v2\/media?parent=901"}],"wp:term":[{"taxonomy":"product_cat","embeddable":true,"href":"https:\/\/fox-shield.com\/es\/wp-json\/wp\/v2\/product_cat?post=901"},{"taxonomy":"product_tag","embeddable":true,"href":"https:\/\/fox-shield.com\/es\/wp-json\/wp\/v2\/product_tag?post=901"}],"curies":[{"name":"wp","href":"https:\/\/api.w.org\/{rel}","templated":true}]}}