{"id":893,"date":"2023-06-27T09:42:50","date_gmt":"2023-06-27T07:42:50","guid":{"rendered":"https:\/\/fox-shield.com\/produkt\/manta-con-capucha\/"},"modified":"2023-10-31T12:07:13","modified_gmt":"2023-10-31T10:07:13","slug":"atf-hoodie","status":"publish","type":"product","link":"https:\/\/fox-shield.com\/es\/produkt\/atf-hoodie\/","title":{"rendered":"Manta con capucha"},"content":{"rendered":"<ul>\n<li>Especialmente suave y acogedora<\/li>\n<li>Abrigadora, antibacteriana, antif\u00fangica y antiviral (tambi\u00e9n SARS-CoV-2)<\/li>\n<li>No se quema, no se derrite, no gotea, ni produce gases t\u00f3xicos<\/li>\n<li>Probado para detecci\u00f3n de sustancias nocivas por institutos externos acreditados<\/li>\n<li>Certificado STANDARD 100 de OEKO-TEX<sup>\u00ae<\/sup>, el m\u00e1s alto est\u00e1ndar tambi\u00e9n apto para beb\u00e9s.<\/li>\n<li>Fabricado en Alemania<\/li>\n<\/ul>\n","protected":false},"excerpt":{"rendered":"<p>Esta es la primera manta con capucha suave y acogedora con la que podr\u00e1s acurrucarte tanto dentro como fuera de casa (incluso puedes meter los pies dentro de la capucha para matenerlos calientes). En caso de incendio proteger\u00e1 de forma segura tu cabeza, pelo y cuerpo del fuego.<\/p>\n","protected":false},"featured_media":552,"comment_status":"closed","ping_status":"closed","template":"","meta":[],"product_cat":[47],"product_tag":[],"yoast_head":"<!-- This site is optimized with the Yoast SEO plugin v21.5 - https:\/\/yoast.com\/wordpress\/plugins\/seo\/ -->\n<title>Manta con capucha - FOX Shield<\/title>\n<meta name=\"robots\" content=\"index, follow, max-snippet:-1, max-image-preview:large, max-video-preview:-1\" \/>\n<link rel=\"canonical\" href=\"https:\/\/fox-shield.com\/es\/produkt\/atf-hoodie\/\" \/>\n<meta property=\"og:locale\" content=\"es_ES\" \/>\n<meta property=\"og:type\" content=\"article\" \/>\n<meta property=\"og:title\" content=\"Manta con capucha - FOX Shield\" \/>\n<meta property=\"og:description\" content=\"Esta es la primera manta con capucha suave y acogedora con la que podr\u00e1s acurrucarte tanto dentro como fuera de casa (incluso puedes meter los pies dentro de la capucha para matenerlos calientes). En caso de incendio proteger\u00e1 de forma segura tu cabeza, pelo y cuerpo del fuego.\" \/>\n<meta property=\"og:url\" content=\"https:\/\/fox-shield.com\/es\/produkt\/atf-hoodie\/\" \/>\n<meta property=\"og:site_name\" content=\"FOX Shield\" \/>\n<meta property=\"article:modified_time\" content=\"2023-10-31T10:07:13+00:00\" \/>\n<meta property=\"og:image\" content=\"https:\/\/fox-shield.com\/wp-content\/uploads\/2023\/06\/ATF-Hoodie.jpg\" \/>\n\t<meta property=\"og:image:width\" content=\"1050\" \/>\n\t<meta property=\"og:image:height\" content=\"1260\" \/>\n\t<meta property=\"og:image:type\" content=\"image\/jpeg\" \/>\n<meta name=\"twitter:card\" content=\"summary_large_image\" \/>\n<script type=\"application\/ld+json\" class=\"yoast-schema-graph\">{\"@context\":\"https:\/\/schema.org\",\"@graph\":[{\"@type\":\"WebPage\",\"@id\":\"https:\/\/fox-shield.com\/es\/produkt\/atf-hoodie\/\",\"url\":\"https:\/\/fox-shield.com\/es\/produkt\/atf-hoodie\/\",\"name\":\"Manta con capucha - FOX Shield\",\"isPartOf\":{\"@id\":\"https:\/\/fox-shield.com\/#website\"},\"datePublished\":\"2023-06-27T07:42:50+00:00\",\"dateModified\":\"2023-10-31T10:07:13+00:00\",\"breadcrumb\":{\"@id\":\"https:\/\/fox-shield.com\/es\/produkt\/atf-hoodie\/#breadcrumb\"},\"inLanguage\":\"es\",\"potentialAction\":[{\"@type\":\"ReadAction\",\"target\":[\"https:\/\/fox-shield.com\/es\/produkt\/atf-hoodie\/\"]}]},{\"@type\":\"BreadcrumbList\",\"@id\":\"https:\/\/fox-shield.com\/es\/produkt\/atf-hoodie\/#breadcrumb\",\"itemListElement\":[{\"@type\":\"ListItem\",\"position\":1,\"name\":\"Startseite\",\"item\":\"https:\/\/fox-shield.com\/es\/pagina-de-inicio\/\"},{\"@type\":\"ListItem\",\"position\":2,\"name\":\"Tienda\",\"item\":\"https:\/\/fox-shield.com\/es\/tienda\/\"},{\"@type\":\"ListItem\",\"position\":3,\"name\":\"Manta con capucha\"}]},{\"@type\":\"WebSite\",\"@id\":\"https:\/\/fox-shield.com\/#website\",\"url\":\"https:\/\/fox-shield.com\/\",\"name\":\"FOX Shield\",\"description\":\"PyroTex for Extreme Conditions\",\"publisher\":{\"@id\":\"https:\/\/fox-shield.com\/#organization\"},\"potentialAction\":[{\"@type\":\"SearchAction\",\"target\":{\"@type\":\"EntryPoint\",\"urlTemplate\":\"https:\/\/fox-shield.com\/?s={search_term_string}\"},\"query-input\":\"required name=search_term_string\"}],\"inLanguage\":\"es\"},{\"@type\":\"Organization\",\"@id\":\"https:\/\/fox-shield.com\/#organization\",\"name\":\"FOX Shield\",\"url\":\"https:\/\/fox-shield.com\/\",\"logo\":{\"@type\":\"ImageObject\",\"inLanguage\":\"es\",\"@id\":\"https:\/\/fox-shield.com\/#\/schema\/logo\/image\/\",\"url\":\"https:\/\/fox-shield.com\/wp-content\/uploads\/2023\/06\/logo.svg\",\"contentUrl\":\"https:\/\/fox-shield.com\/wp-content\/uploads\/2023\/06\/logo.svg\",\"caption\":\"FOX Shield\"},\"image\":{\"@id\":\"https:\/\/fox-shield.com\/#\/schema\/logo\/image\/\"}}]}<\/script>\n<!-- \/ Yoast SEO plugin. -->","yoast_head_json":{"title":"Manta con capucha - FOX Shield","robots":{"index":"index","follow":"follow","max-snippet":"max-snippet:-1","max-image-preview":"max-image-preview:large","max-video-preview":"max-video-preview:-1"},"canonical":"https:\/\/fox-shield.com\/es\/produkt\/atf-hoodie\/","og_locale":"es_ES","og_type":"article","og_title":"Manta con capucha - FOX Shield","og_description":"Esta es la primera manta con capucha suave y acogedora con la que podr\u00e1s acurrucarte tanto dentro como fuera de casa (incluso puedes meter los pies dentro de la capucha para matenerlos calientes). En caso de incendio proteger\u00e1 de forma segura tu cabeza, pelo y cuerpo del fuego.","og_url":"https:\/\/fox-shield.com\/es\/produkt\/atf-hoodie\/","og_site_name":"FOX Shield","article_modified_time":"2023-10-31T10:07:13+00:00","og_image":[{"width":1050,"height":1260,"url":"https:\/\/fox-shield.com\/wp-content\/uploads\/2023\/06\/ATF-Hoodie.jpg","type":"image\/jpeg"}],"twitter_card":"summary_large_image","schema":{"@context":"https:\/\/schema.org","@graph":[{"@type":"WebPage","@id":"https:\/\/fox-shield.com\/es\/produkt\/atf-hoodie\/","url":"https:\/\/fox-shield.com\/es\/produkt\/atf-hoodie\/","name":"Manta con capucha - FOX Shield","isPartOf":{"@id":"https:\/\/fox-shield.com\/#website"},"datePublished":"2023-06-27T07:42:50+00:00","dateModified":"2023-10-31T10:07:13+00:00","breadcrumb":{"@id":"https:\/\/fox-shield.com\/es\/produkt\/atf-hoodie\/#breadcrumb"},"inLanguage":"es","potentialAction":[{"@type":"ReadAction","target":["https:\/\/fox-shield.com\/es\/produkt\/atf-hoodie\/"]}]},{"@type":"BreadcrumbList","@id":"https:\/\/fox-shield.com\/es\/produkt\/atf-hoodie\/#breadcrumb","itemListElement":[{"@type":"ListItem","position":1,"name":"Startseite","item":"https:\/\/fox-shield.com\/es\/pagina-de-inicio\/"},{"@type":"ListItem","position":2,"name":"Tienda","item":"https:\/\/fox-shield.com\/es\/tienda\/"},{"@type":"ListItem","position":3,"name":"Manta con capucha"}]},{"@type":"WebSite","@id":"https:\/\/fox-shield.com\/#website","url":"https:\/\/fox-shield.com\/","name":"FOX Shield","description":"PyroTex for Extreme Conditions","publisher":{"@id":"https:\/\/fox-shield.com\/#organization"},"potentialAction":[{"@type":"SearchAction","target":{"@type":"EntryPoint","urlTemplate":"https:\/\/fox-shield.com\/?s={search_term_string}"},"query-input":"required name=search_term_string"}],"inLanguage":"es"},{"@type":"Organization","@id":"https:\/\/fox-shield.com\/#organization","name":"FOX Shield","url":"https:\/\/fox-shield.com\/","logo":{"@type":"ImageObject","inLanguage":"es","@id":"https:\/\/fox-shield.com\/#\/schema\/logo\/image\/","url":"https:\/\/fox-shield.com\/wp-content\/uploads\/2023\/06\/logo.svg","contentUrl":"https:\/\/fox-shield.com\/wp-content\/uploads\/2023\/06\/logo.svg","caption":"FOX Shield"},"image":{"@id":"https:\/\/fox-shield.com\/#\/schema\/logo\/image\/"}}]}},"_links":{"self":[{"href":"https:\/\/fox-shield.com\/es\/wp-json\/wp\/v2\/product\/893"}],"collection":[{"href":"https:\/\/fox-shield.com\/es\/wp-json\/wp\/v2\/product"}],"about":[{"href":"https:\/\/fox-shield.com\/es\/wp-json\/wp\/v2\/types\/product"}],"replies":[{"embeddable":true,"href":"https:\/\/fox-shield.com\/es\/wp-json\/wp\/v2\/comments?post=893"}],"wp:featuredmedia":[{"embeddable":true,"href":"https:\/\/fox-shield.com\/es\/wp-json\/wp\/v2\/media\/552"}],"wp:attachment":[{"href":"https:\/\/fox-shield.com\/es\/wp-json\/wp\/v2\/media?parent=893"}],"wp:term":[{"taxonomy":"product_cat","embeddable":true,"href":"https:\/\/fox-shield.com\/es\/wp-json\/wp\/v2\/product_cat?post=893"},{"taxonomy":"product_tag","embeddable":true,"href":"https:\/\/fox-shield.com\/es\/wp-json\/wp\/v2\/product_tag?post=893"}],"curies":[{"name":"wp","href":"https:\/\/api.w.org\/{rel}","templated":true}]}}