{"id":882,"date":"2021-07-22T18:22:25","date_gmt":"2021-07-22T16:22:25","guid":{"rendered":"https:\/\/fox-shield.com\/contacto\/"},"modified":"2023-10-31T11:33:02","modified_gmt":"2023-10-31T09:33:02","slug":"contacto","status":"publish","type":"page","link":"https:\/\/fox-shield.com\/es\/contacto\/","title":{"rendered":"Contacto"},"content":{"rendered":"\n<div class=\"wp-block-columns is-layout-flex wp-container-core-columns-layout-1 wp-block-columns-is-layout-flex\">\n<div class=\"wp-block-column is-layout-flow wp-block-column-is-layout-flow\" style=\"flex-basis:60%\">\n<h3 class=\"wp-block-heading\">D\u00e9janos un mensaje<\/h3>\n\n\n\n<div style=\"height:15px\" aria-hidden=\"true\" class=\"wp-block-spacer\"><\/div>\n\n\n<style id=\"wpforms-css-vars-root\">\n\t\t\t\t:root {\n\t\t\t\t\t--wpforms-field-border-radius: 3px;\n--wpforms-field-background-color: #ffffff;\n--wpforms-field-border-color: rgba( 0, 0, 0, 0.25 );\n--wpforms-field-text-color: rgba( 0, 0, 0, 0.7 );\n--wpforms-label-color: rgba( 0, 0, 0, 0.85 );\n--wpforms-label-sublabel-color: rgba( 0, 0, 0, 0.55 );\n--wpforms-label-error-color: #d63637;\n--wpforms-button-border-radius: 3px;\n--wpforms-button-background-color: #066aab;\n--wpforms-button-text-color: #ffffff;\n--wpforms-field-size-input-height: 43px;\n--wpforms-field-size-input-spacing: 15px;\n--wpforms-field-size-font-size: 16px;\n--wpforms-field-size-line-height: 19px;\n--wpforms-field-size-padding-h: 14px;\n--wpforms-field-size-checkbox-size: 16px;\n--wpforms-field-size-sublabel-spacing: 5px;\n--wpforms-field-size-icon-size: 1;\n--wpforms-label-size-font-size: 16px;\n--wpforms-label-size-line-height: 19px;\n--wpforms-label-size-sublabel-font-size: 14px;\n--wpforms-label-size-sublabel-line-height: 17px;\n--wpforms-button-size-font-size: 17px;\n--wpforms-button-size-height: 41px;\n--wpforms-button-size-padding-h: 15px;\n--wpforms-button-size-margin-top: 10px;\n\n\t\t\t\t}\n\t\t\t<\/style><div class=\"wpforms-container wpforms-container-full wpforms-block wpforms-block-79b50526-2ffb-4ced-905a-7696f7c74177 wpforms-render-modern\" id=\"wpforms-388\"><form id=\"wpforms-form-388\" class=\"wpforms-validate wpforms-form wpforms-ajax-form\" data-formid=\"388\" method=\"post\" enctype=\"multipart\/form-data\" action=\"\/es\/wp-json\/wp\/v2\/pages\/882\" data-token=\"0e06df779516a79d963d3a22baac693a\"><noscript class=\"wpforms-error-noscript\">Por favor, activa JavaScript en tu navegador para completar este formulario.<\/noscript><div class=\"wpforms-hidden\" id=\"wpforms-error-noscript\">Por favor, activa JavaScript en tu navegador para completar este formulario.<\/div><div class=\"wpforms-field-container\"><div id=\"wpforms-388-field_0-container\" class=\"wpforms-field wpforms-field-name wpforms-one-half wpforms-first\" data-field-id=\"0\"><label class=\"wpforms-field-label\" for=\"wpforms-388-field_0\">Name <span class=\"wpforms-required-label\" aria-hidden=\"true\">*<\/span><\/label><input type=\"text\" id=\"wpforms-388-field_0\" class=\"wpforms-field-large wpforms-field-required\" name=\"wpforms[fields][0]\" aria-errormessage=\"wpforms-388-field_0-error\" required><\/div><div id=\"wpforms-388-field_1-container\" class=\"wpforms-field wpforms-field-email wpforms-one-half\" data-field-id=\"1\"><label class=\"wpforms-field-label\" for=\"wpforms-388-field_1\">E-Mail <span class=\"wpforms-required-label\" aria-hidden=\"true\">*<\/span><\/label><input type=\"email\" id=\"wpforms-388-field_1\" class=\"wpforms-field-large wpforms-field-required\" name=\"wpforms[fields][1]\" spellcheck=\"false\" aria-errormessage=\"wpforms-388-field_1-error\" required><\/div><div id=\"wpforms-388-field_2-container\" class=\"wpforms-field wpforms-field-textarea\" data-field-id=\"2\"><label class=\"wpforms-field-label\" for=\"wpforms-388-field_2\">Kommentar oder Nachricht <span class=\"wpforms-required-label\" aria-hidden=\"true\">*<\/span><\/label><textarea id=\"wpforms-388-field_2\" class=\"wpforms-field-large wpforms-field-required\" name=\"wpforms[fields][2]\" aria-errormessage=\"wpforms-388-field_2-error\" required><\/textarea><\/div><\/div><!-- .wpforms-field-container --><input type=\"hidden\" name=\"wpforms[recaptcha]\" value=\"\"><div class=\"wpforms-submit-container\" ><input type=\"hidden\" name=\"wpforms[id]\" value=\"388\"><input type=\"hidden\" name=\"wpforms[author]\" value=\"1\"><button type=\"submit\" name=\"wpforms[submit]\" id=\"wpforms-submit-388\" class=\"wpforms-submit\" data-alt-text=\"Sendet ...\" data-submit-text=\"Nachricht absenden\" aria-live=\"assertive\" value=\"wpforms-submit\">Nachricht absenden<\/button><img loading=\"lazy\" decoding=\"async\" src=\"https:\/\/fox-shield.com\/wp-content\/plugins\/wpforms-lite\/assets\/images\/submit-spin.svg\" class=\"wpforms-submit-spinner\" style=\"display: none;\" width=\"26\" height=\"26\" alt=\"Cargando\"><\/div><\/form><\/div>  <!-- .wpforms-container --><\/div>\n\n\n\n<div class=\"wp-block-column is-layout-flow wp-block-column-is-layout-flow\" style=\"flex-basis:5%\"><\/div>\n\n\n\n<div class=\"wp-block-column is-layout-flow wp-block-column-is-layout-flow\" style=\"flex-basis:35%\">\n<h3 class=\"wp-block-heading\">\u00bfDesea una oferta individual?<\/h3>\n\n\n\n<div style=\"height:15px\" aria-hidden=\"true\" class=\"wp-block-spacer\"><\/div>\n\n\n\n<p>P\u00f3ngase en contacto con nosotros: siempre le atenderemos personalmente:<br\/>Persona de contacto: Kerstin Bante<br\/>Correo electr\u00f3nico: info@fox-shield.com<br\/>Tel\u00e9fono: +49 (0)40 25480 444<\/p>\n<\/div>\n<\/div>\n","protected":false},"excerpt":{"rendered":"<p>D\u00e9janos un mensaje \u00bfDesea una oferta individual? P\u00f3ngase en contacto con nosotros: siempre le atenderemos personalmente:Persona de contacto: Kerstin BanteCorreo electr\u00f3nico: info@fox-shield.comTel\u00e9fono: +49 (0)40 25480 444<\/p>\n","protected":false},"author":1,"featured_media":0,"parent":0,"menu_order":0,"comment_status":"closed","ping_status":"closed","template":"","meta":{"footnotes":""},"yoast_head":"<!-- This site is optimized with the Yoast SEO plugin v21.5 - https:\/\/yoast.com\/wordpress\/plugins\/seo\/ -->\n<title>Contacto - FOX Shield<\/title>\n<meta name=\"robots\" content=\"index, follow, max-snippet:-1, max-image-preview:large, max-video-preview:-1\" \/>\n<link rel=\"canonical\" href=\"https:\/\/fox-shield.com\/es\/contacto\/\" \/>\n<meta property=\"og:locale\" content=\"es_ES\" \/>\n<meta property=\"og:type\" content=\"article\" \/>\n<meta property=\"og:title\" content=\"Contacto - FOX Shield\" \/>\n<meta property=\"og:description\" content=\"D\u00e9janos un mensaje \u00bfDesea una oferta individual? P\u00f3ngase en contacto con nosotros: siempre le atenderemos personalmente:Persona de contacto: Kerstin BanteCorreo electr\u00f3nico: info@fox-shield.comTel\u00e9fono: +49 (0)40 25480 444\" \/>\n<meta property=\"og:url\" content=\"https:\/\/fox-shield.com\/es\/contacto\/\" \/>\n<meta property=\"og:site_name\" content=\"FOX Shield\" \/>\n<meta property=\"article:modified_time\" content=\"2023-10-31T09:33:02+00:00\" \/>\n<meta name=\"twitter:card\" content=\"summary_large_image\" \/>\n<script type=\"application\/ld+json\" class=\"yoast-schema-graph\">{\"@context\":\"https:\/\/schema.org\",\"@graph\":[{\"@type\":\"WebPage\",\"@id\":\"https:\/\/fox-shield.com\/es\/contacto\/\",\"url\":\"https:\/\/fox-shield.com\/es\/contacto\/\",\"name\":\"Contacto - FOX Shield\",\"isPartOf\":{\"@id\":\"https:\/\/fox-shield.com\/#website\"},\"datePublished\":\"2021-07-22T16:22:25+00:00\",\"dateModified\":\"2023-10-31T09:33:02+00:00\",\"breadcrumb\":{\"@id\":\"https:\/\/fox-shield.com\/es\/contacto\/#breadcrumb\"},\"inLanguage\":\"es\",\"potentialAction\":[{\"@type\":\"ReadAction\",\"target\":[\"https:\/\/fox-shield.com\/es\/contacto\/\"]}]},{\"@type\":\"BreadcrumbList\",\"@id\":\"https:\/\/fox-shield.com\/es\/contacto\/#breadcrumb\",\"itemListElement\":[{\"@type\":\"ListItem\",\"position\":1,\"name\":\"Startseite\",\"item\":\"https:\/\/fox-shield.com\/es\/pagina-de-inicio\/\"},{\"@type\":\"ListItem\",\"position\":2,\"name\":\"Contacto\"}]},{\"@type\":\"WebSite\",\"@id\":\"https:\/\/fox-shield.com\/#website\",\"url\":\"https:\/\/fox-shield.com\/\",\"name\":\"FOX Shield\",\"description\":\"PyroTex for Extreme Conditions\",\"publisher\":{\"@id\":\"https:\/\/fox-shield.com\/#organization\"},\"potentialAction\":[{\"@type\":\"SearchAction\",\"target\":{\"@type\":\"EntryPoint\",\"urlTemplate\":\"https:\/\/fox-shield.com\/?s={search_term_string}\"},\"query-input\":\"required name=search_term_string\"}],\"inLanguage\":\"es\"},{\"@type\":\"Organization\",\"@id\":\"https:\/\/fox-shield.com\/#organization\",\"name\":\"FOX Shield\",\"url\":\"https:\/\/fox-shield.com\/\",\"logo\":{\"@type\":\"ImageObject\",\"inLanguage\":\"es\",\"@id\":\"https:\/\/fox-shield.com\/#\/schema\/logo\/image\/\",\"url\":\"https:\/\/fox-shield.com\/wp-content\/uploads\/2023\/06\/logo.svg\",\"contentUrl\":\"https:\/\/fox-shield.com\/wp-content\/uploads\/2023\/06\/logo.svg\",\"caption\":\"FOX Shield\"},\"image\":{\"@id\":\"https:\/\/fox-shield.com\/#\/schema\/logo\/image\/\"}}]}<\/script>\n<!-- \/ Yoast SEO plugin. -->","yoast_head_json":{"title":"Contacto - FOX Shield","robots":{"index":"index","follow":"follow","max-snippet":"max-snippet:-1","max-image-preview":"max-image-preview:large","max-video-preview":"max-video-preview:-1"},"canonical":"https:\/\/fox-shield.com\/es\/contacto\/","og_locale":"es_ES","og_type":"article","og_title":"Contacto - FOX Shield","og_description":"D\u00e9janos un mensaje \u00bfDesea una oferta individual? P\u00f3ngase en contacto con nosotros: siempre le atenderemos personalmente:Persona de contacto: Kerstin BanteCorreo electr\u00f3nico: info@fox-shield.comTel\u00e9fono: +49 (0)40 25480 444","og_url":"https:\/\/fox-shield.com\/es\/contacto\/","og_site_name":"FOX Shield","article_modified_time":"2023-10-31T09:33:02+00:00","twitter_card":"summary_large_image","schema":{"@context":"https:\/\/schema.org","@graph":[{"@type":"WebPage","@id":"https:\/\/fox-shield.com\/es\/contacto\/","url":"https:\/\/fox-shield.com\/es\/contacto\/","name":"Contacto - FOX Shield","isPartOf":{"@id":"https:\/\/fox-shield.com\/#website"},"datePublished":"2021-07-22T16:22:25+00:00","dateModified":"2023-10-31T09:33:02+00:00","breadcrumb":{"@id":"https:\/\/fox-shield.com\/es\/contacto\/#breadcrumb"},"inLanguage":"es","potentialAction":[{"@type":"ReadAction","target":["https:\/\/fox-shield.com\/es\/contacto\/"]}]},{"@type":"BreadcrumbList","@id":"https:\/\/fox-shield.com\/es\/contacto\/#breadcrumb","itemListElement":[{"@type":"ListItem","position":1,"name":"Startseite","item":"https:\/\/fox-shield.com\/es\/pagina-de-inicio\/"},{"@type":"ListItem","position":2,"name":"Contacto"}]},{"@type":"WebSite","@id":"https:\/\/fox-shield.com\/#website","url":"https:\/\/fox-shield.com\/","name":"FOX Shield","description":"PyroTex for Extreme Conditions","publisher":{"@id":"https:\/\/fox-shield.com\/#organization"},"potentialAction":[{"@type":"SearchAction","target":{"@type":"EntryPoint","urlTemplate":"https:\/\/fox-shield.com\/?s={search_term_string}"},"query-input":"required name=search_term_string"}],"inLanguage":"es"},{"@type":"Organization","@id":"https:\/\/fox-shield.com\/#organization","name":"FOX Shield","url":"https:\/\/fox-shield.com\/","logo":{"@type":"ImageObject","inLanguage":"es","@id":"https:\/\/fox-shield.com\/#\/schema\/logo\/image\/","url":"https:\/\/fox-shield.com\/wp-content\/uploads\/2023\/06\/logo.svg","contentUrl":"https:\/\/fox-shield.com\/wp-content\/uploads\/2023\/06\/logo.svg","caption":"FOX Shield"},"image":{"@id":"https:\/\/fox-shield.com\/#\/schema\/logo\/image\/"}}]}},"_links":{"self":[{"href":"https:\/\/fox-shield.com\/es\/wp-json\/wp\/v2\/pages\/882"}],"collection":[{"href":"https:\/\/fox-shield.com\/es\/wp-json\/wp\/v2\/pages"}],"about":[{"href":"https:\/\/fox-shield.com\/es\/wp-json\/wp\/v2\/types\/page"}],"author":[{"embeddable":true,"href":"https:\/\/fox-shield.com\/es\/wp-json\/wp\/v2\/users\/1"}],"replies":[{"embeddable":true,"href":"https:\/\/fox-shield.com\/es\/wp-json\/wp\/v2\/comments?post=882"}],"version-history":[{"count":2,"href":"https:\/\/fox-shield.com\/es\/wp-json\/wp\/v2\/pages\/882\/revisions"}],"predecessor-version":[{"id":940,"href":"https:\/\/fox-shield.com\/es\/wp-json\/wp\/v2\/pages\/882\/revisions\/940"}],"wp:attachment":[{"href":"https:\/\/fox-shield.com\/es\/wp-json\/wp\/v2\/media?parent=882"}],"curies":[{"name":"wp","href":"https:\/\/api.w.org\/{rel}","templated":true}]}}