{"id":873,"date":"2023-06-27T12:47:47","date_gmt":"2023-06-27T10:47:47","guid":{"rendered":"https:\/\/fox-shield.com\/nosotros\/"},"modified":"2023-10-24T13:52:43","modified_gmt":"2023-10-24T11:52:43","slug":"nosotros","status":"publish","type":"page","link":"https:\/\/fox-shield.com\/es\/nosotros\/","title":{"rendered":"Nosotros"},"content":{"rendered":"\n<div id=\"athemes-blocks-block-14e20397\" class=\"wp-block-athemes-athemes-blocks-block-container athemes-blocks-block athemes-blocks-block-14e20397 athemes-blocks-block-container alignfull\"><div class=\"athemes-blocks-block-container-wrapper athemes-blocks-block-container-bg-cover athemes-blocks-block-container-bg-effect-parallax\"><img class=\"athemes-blocks-background-image\" width=\"2048\" height=\"1138\" srcset=\"https:\/\/fox-shield.com\/wp-content\/uploads\/2023\/06\/hero-150x150.jpg 150w, https:\/\/fox-shield.com\/wp-content\/uploads\/2023\/06\/hero-300x167.jpg 300w, https:\/\/fox-shield.com\/wp-content\/uploads\/2023\/06\/hero-1024x569.jpg 1024w, https:\/\/fox-shield.com\/wp-content\/uploads\/2023\/06\/hero.jpg 2048w, \" sizes=\"(max-width: 2048px) 100vw, 2048px\" alt=\"\" loading=\"lazy\"\/><div class=\"athemes-blocks-block-container-wrapper-content\">\n<h1 class=\"wp-block-heading\">Nosotros<\/h1>\n<\/div><\/div><\/div>\n\n\n\n<h3 class=\"wp-block-heading\">Nuestra misi\u00f3n: El producto perfecto<\/h3>\n\n\n\n<p>Nuestra misi\u00f3n es ofrecer el mejor producto del mercado. Estamos convencidos de nuestro concepto, que combina aspectos como la seguridad, la calidad y la sostenibilidad con uno de los materiales m\u00e1s innovadores de nuestro tiempo.<\/p>\n\n\n\n<h3 class=\"wp-block-heading\">Nuestra visi\u00f3n: El futuro es seguro<\/h3>\n\n\n\n<p>Lo que hace unos a\u00f1os era impensable en t\u00e9rminos de protecci\u00f3n contra incendios, hoy es una realidad gracias a una nueva fibra ign\u00edfuga. La aspiraci\u00f3n de FOX Shield es correspondientemente alta: \u00a1El futuro es seguro! Queremos ofrecerle el producto perfecto para su seguridad privada y profesional: mientras viaja, en el trabajo y en casa.<\/p>\n\n\n\n<h3 class=\"wp-block-heading\">Nuestra filosof\u00eda<\/h3>\n\n\n\n<p>Nuestra filosof\u00eda se basa en la calidad y la innovaci\u00f3n en el material y el procesamiento, lo que se traduce en la mayor seguridad posible. As\u00ed lo garantiza la fibra PyroTex\u00ae que utilizamos, la cual alcanza todas las propiedades exigidas por las normas DIN EN1869 y NFPA 701 (National Fire Protection Association).<\/p>\n\n\n\n<h3 class=\"wp-block-heading\">La marca<\/h3>\n\n\n\n<p>FOX SHIELD es sin\u00f3nimo de \u00abseguridad moderna\u00bb. Todos los productos convencen por su inconfundible identidad y autenticidad. Nuestra materia prima, PyroTex\u00ae, no s\u00f3lo es ign\u00edfuga, sino tambi\u00e9n antibacteriana, antiviral, antif\u00fangica y especialmente hipoalerg\u00e9nica (norma 100 de Oeko-Tex).<\/p>\n\n\n\n<h3 class=\"wp-block-heading\">Los mercados y su desarrollo<\/h3>\n\n\n\n<p>Los principales mercados de nuestros productos ign\u00edfugos son los pa\u00edses de habla alemana, Europa, Australia, \u00c1frica, Sudam\u00e9rica,M\u00e9xico, Latinoam\u00e9rica, Jap\u00f3n, EE.UU. Nos enfocamos en el desarrollo de productos y en la selecci\u00f3n de nuestros socios comerciales.<\/p>\n\n\n\n<h3 class=\"wp-block-heading\">Producci\u00f3n<\/h3>\n\n\n\n<p>La mayor parte de la producci\u00f3n total se realiza en Europa y Estados Unidos. En Hamburgo, Alemania se encuentra el centro para el desarrollo del know-how de la producci\u00f3n y la garant\u00eda de calidad.<\/p>\n\n\n\n<h3 class=\"wp-block-heading\">Sostenibilidad<\/h3>\n\n\n\n<p>Para FOX SHIELD, el esp\u00edritu empresarial sostenible significa que los factores sociales, \u00e9ticos y medioambientales ocupan un lugar especial en nuestra estrategia, as\u00ed como en todas las decisiones cotidianas. Actuar de forma responsable con el medio ambiente, la sociedad y nuestros empleados es para nosotros un deber. Este deber se extiende al trato respetuoso hacia las personas y los animales. Nuestro objetivo es fabricar productos de alta calidad en cumplimiento con todas las leyes nacionales e internacionales y con elevados est\u00e1ndares sociales y \u00e9ticos.<\/p>\n\n\n\n<h3 class=\"wp-block-heading\">El equipo FOX SHIELD<\/h3>\n\n\n\n<p>Nuestros empleados son nuestro mayor activo. Por lo tanto, tenemos una responsabilidad especial hacia ellos. Apostamos por un desarrollo del personal motivador y orientado que reconozca y fomente el potencial de cada empleado. La comunicaci\u00f3n franca y la transparencia en todos los procesos empresariales son parte integral de nuestra cultura empresarial y fomentan el compromiso y la responsabilidad de nuestros empleados.<\/p>\n","protected":false},"excerpt":{"rendered":"<p>Nuestra misi\u00f3n: El producto perfecto Nuestra misi\u00f3n es ofrecer el mejor producto del mercado. Estamos convencidos de nuestro concepto, que combina aspectos como la seguridad, la calidad y la sostenibilidad [&hellip;]<\/p>\n","protected":false},"author":1,"featured_media":0,"parent":0,"menu_order":0,"comment_status":"closed","ping_status":"closed","template":"","meta":{"footnotes":""},"yoast_head":"<!-- This site is optimized with the Yoast SEO plugin v21.5 - https:\/\/yoast.com\/wordpress\/plugins\/seo\/ -->\n<title>Nosotros - FOX Shield<\/title>\n<meta name=\"robots\" content=\"index, follow, max-snippet:-1, max-image-preview:large, max-video-preview:-1\" \/>\n<link rel=\"canonical\" href=\"https:\/\/fox-shield.com\/es\/nosotros\/\" \/>\n<meta property=\"og:locale\" content=\"es_ES\" \/>\n<meta property=\"og:type\" content=\"article\" \/>\n<meta property=\"og:title\" content=\"Nosotros - FOX Shield\" \/>\n<meta property=\"og:description\" content=\"Nuestra misi\u00f3n: El producto perfecto Nuestra misi\u00f3n es ofrecer el mejor producto del mercado. Estamos convencidos de nuestro concepto, que combina aspectos como la seguridad, la calidad y la sostenibilidad [&hellip;]\" \/>\n<meta property=\"og:url\" content=\"https:\/\/fox-shield.com\/es\/nosotros\/\" \/>\n<meta property=\"og:site_name\" content=\"FOX Shield\" \/>\n<meta property=\"article:modified_time\" content=\"2023-10-24T11:52:43+00:00\" \/>\n<meta name=\"twitter:card\" content=\"summary_large_image\" \/>\n<meta name=\"twitter:label1\" content=\"Tiempo de lectura\" \/>\n\t<meta name=\"twitter:data1\" content=\"2 minutos\" \/>\n<script type=\"application\/ld+json\" class=\"yoast-schema-graph\">{\"@context\":\"https:\/\/schema.org\",\"@graph\":[{\"@type\":\"WebPage\",\"@id\":\"https:\/\/fox-shield.com\/es\/nosotros\/\",\"url\":\"https:\/\/fox-shield.com\/es\/nosotros\/\",\"name\":\"Nosotros - FOX Shield\",\"isPartOf\":{\"@id\":\"https:\/\/fox-shield.com\/#website\"},\"datePublished\":\"2023-06-27T10:47:47+00:00\",\"dateModified\":\"2023-10-24T11:52:43+00:00\",\"breadcrumb\":{\"@id\":\"https:\/\/fox-shield.com\/es\/nosotros\/#breadcrumb\"},\"inLanguage\":\"es\",\"potentialAction\":[{\"@type\":\"ReadAction\",\"target\":[\"https:\/\/fox-shield.com\/es\/nosotros\/\"]}]},{\"@type\":\"BreadcrumbList\",\"@id\":\"https:\/\/fox-shield.com\/es\/nosotros\/#breadcrumb\",\"itemListElement\":[{\"@type\":\"ListItem\",\"position\":1,\"name\":\"Startseite\",\"item\":\"https:\/\/fox-shield.com\/es\/pagina-de-inicio\/\"},{\"@type\":\"ListItem\",\"position\":2,\"name\":\"Nosotros\"}]},{\"@type\":\"WebSite\",\"@id\":\"https:\/\/fox-shield.com\/#website\",\"url\":\"https:\/\/fox-shield.com\/\",\"name\":\"FOX Shield\",\"description\":\"PyroTex for Extreme Conditions\",\"publisher\":{\"@id\":\"https:\/\/fox-shield.com\/#organization\"},\"potentialAction\":[{\"@type\":\"SearchAction\",\"target\":{\"@type\":\"EntryPoint\",\"urlTemplate\":\"https:\/\/fox-shield.com\/?s={search_term_string}\"},\"query-input\":\"required name=search_term_string\"}],\"inLanguage\":\"es\"},{\"@type\":\"Organization\",\"@id\":\"https:\/\/fox-shield.com\/#organization\",\"name\":\"FOX Shield\",\"url\":\"https:\/\/fox-shield.com\/\",\"logo\":{\"@type\":\"ImageObject\",\"inLanguage\":\"es\",\"@id\":\"https:\/\/fox-shield.com\/#\/schema\/logo\/image\/\",\"url\":\"https:\/\/fox-shield.com\/wp-content\/uploads\/2023\/06\/logo.svg\",\"contentUrl\":\"https:\/\/fox-shield.com\/wp-content\/uploads\/2023\/06\/logo.svg\",\"caption\":\"FOX Shield\"},\"image\":{\"@id\":\"https:\/\/fox-shield.com\/#\/schema\/logo\/image\/\"}}]}<\/script>\n<!-- \/ Yoast SEO plugin. -->","yoast_head_json":{"title":"Nosotros - FOX Shield","robots":{"index":"index","follow":"follow","max-snippet":"max-snippet:-1","max-image-preview":"max-image-preview:large","max-video-preview":"max-video-preview:-1"},"canonical":"https:\/\/fox-shield.com\/es\/nosotros\/","og_locale":"es_ES","og_type":"article","og_title":"Nosotros - FOX Shield","og_description":"Nuestra misi\u00f3n: El producto perfecto Nuestra misi\u00f3n es ofrecer el mejor producto del mercado. Estamos convencidos de nuestro concepto, que combina aspectos como la seguridad, la calidad y la sostenibilidad [&hellip;]","og_url":"https:\/\/fox-shield.com\/es\/nosotros\/","og_site_name":"FOX Shield","article_modified_time":"2023-10-24T11:52:43+00:00","twitter_card":"summary_large_image","twitter_misc":{"Tiempo de lectura":"2 minutos"},"schema":{"@context":"https:\/\/schema.org","@graph":[{"@type":"WebPage","@id":"https:\/\/fox-shield.com\/es\/nosotros\/","url":"https:\/\/fox-shield.com\/es\/nosotros\/","name":"Nosotros - FOX Shield","isPartOf":{"@id":"https:\/\/fox-shield.com\/#website"},"datePublished":"2023-06-27T10:47:47+00:00","dateModified":"2023-10-24T11:52:43+00:00","breadcrumb":{"@id":"https:\/\/fox-shield.com\/es\/nosotros\/#breadcrumb"},"inLanguage":"es","potentialAction":[{"@type":"ReadAction","target":["https:\/\/fox-shield.com\/es\/nosotros\/"]}]},{"@type":"BreadcrumbList","@id":"https:\/\/fox-shield.com\/es\/nosotros\/#breadcrumb","itemListElement":[{"@type":"ListItem","position":1,"name":"Startseite","item":"https:\/\/fox-shield.com\/es\/pagina-de-inicio\/"},{"@type":"ListItem","position":2,"name":"Nosotros"}]},{"@type":"WebSite","@id":"https:\/\/fox-shield.com\/#website","url":"https:\/\/fox-shield.com\/","name":"FOX Shield","description":"PyroTex for Extreme Conditions","publisher":{"@id":"https:\/\/fox-shield.com\/#organization"},"potentialAction":[{"@type":"SearchAction","target":{"@type":"EntryPoint","urlTemplate":"https:\/\/fox-shield.com\/?s={search_term_string}"},"query-input":"required name=search_term_string"}],"inLanguage":"es"},{"@type":"Organization","@id":"https:\/\/fox-shield.com\/#organization","name":"FOX Shield","url":"https:\/\/fox-shield.com\/","logo":{"@type":"ImageObject","inLanguage":"es","@id":"https:\/\/fox-shield.com\/#\/schema\/logo\/image\/","url":"https:\/\/fox-shield.com\/wp-content\/uploads\/2023\/06\/logo.svg","contentUrl":"https:\/\/fox-shield.com\/wp-content\/uploads\/2023\/06\/logo.svg","caption":"FOX Shield"},"image":{"@id":"https:\/\/fox-shield.com\/#\/schema\/logo\/image\/"}}]}},"_links":{"self":[{"href":"https:\/\/fox-shield.com\/es\/wp-json\/wp\/v2\/pages\/873"}],"collection":[{"href":"https:\/\/fox-shield.com\/es\/wp-json\/wp\/v2\/pages"}],"about":[{"href":"https:\/\/fox-shield.com\/es\/wp-json\/wp\/v2\/types\/page"}],"author":[{"embeddable":true,"href":"https:\/\/fox-shield.com\/es\/wp-json\/wp\/v2\/users\/1"}],"replies":[{"embeddable":true,"href":"https:\/\/fox-shield.com\/es\/wp-json\/wp\/v2\/comments?post=873"}],"version-history":[{"count":3,"href":"https:\/\/fox-shield.com\/es\/wp-json\/wp\/v2\/pages\/873\/revisions"}],"predecessor-version":[{"id":886,"href":"https:\/\/fox-shield.com\/es\/wp-json\/wp\/v2\/pages\/873\/revisions\/886"}],"wp:attachment":[{"href":"https:\/\/fox-shield.com\/es\/wp-json\/wp\/v2\/media?parent=873"}],"curies":[{"name":"wp","href":"https:\/\/api.w.org\/{rel}","templated":true}]}}