{"id":868,"date":"2023-07-26T13:30:42","date_gmt":"2023-07-26T11:30:42","guid":{"rendered":"https:\/\/fox-shield.com\/pyrotex-medic\/"},"modified":"2023-10-24T09:58:58","modified_gmt":"2023-10-24T07:58:58","slug":"pyrotex-medic","status":"publish","type":"page","link":"https:\/\/fox-shield.com\/es\/pyrotex-medic\/","title":{"rendered":"PyroTex\u00ae medic"},"content":{"rendered":"\n<h2 class=\"wp-block-heading\">Productos sanitarios hechos de PyroTex<sup>\u00ae<\/sup> medic<\/h2>\n\n<p>Adem\u00e1s de uniformes y pijamas m\u00e9dicas de alta calidad hechos de PyroTex<sup>\u00ae<\/sup> medic, FOX SHIELD tambi\u00e9n ofrece una variedad de productos de higiene para el cuidado de la salud. Estos incluyen protectores de colch\u00f3n, fundas de almohada, mascarillas y mantas.<\/p>\n\n<p>Los protectores de colch\u00f3n ayudan a mantener la higiene en instalaciones como hospitales, residencias de personas mayores, hoteles, alojamientos vacacionales, cruceros y prisiones. Estos protectores de colch\u00f3n son f\u00e1ciles de limpiar, lo que ayuda a evitar la contaminaci\u00f3n y a mantener un entorno limpio.<\/p>\n\n<p>Las fundas de almohada tambi\u00e9n desempe\u00f1an un papel importante en el mantenimiento de la higiene. FOX SHIELD ofrece fundas de almohada especiales que inhiben el crecimiento de bacterias y hongos. Estas fundas son lavables y ayudan a reducir el riesgo de infecci\u00f3n.<\/p>\n\n<p>Las mascarillas son de gran importancia en el mundo actual para ayudar a contener la propagaci\u00f3n de enfermedades. FOX SHIELD vende mascarillas de alta calidad que proporcionan una protecci\u00f3n efectiva y adem\u00e1s son c\u00f3modas. Estas m\u00e1scaras est\u00e1n hechas 100% de PyroTex<sup>\u00ae<\/sup> medic, protegen y a la vez son transpirables y lavables.<\/p>\n\n<p>Tambi\u00e9n ofrecemos mantas dise\u00f1adas espec\u00edficamente para su uso en instalaciones m\u00e9dicas. Estas mantas no s\u00f3lo son suaves y c\u00f3modas, sino que tambi\u00e9n hacen que los virus, hongos y bacterias sean inefectivos. Cumplen elevadas normas de higiene y ayudan a crear un entorno limpio e higi\u00e9nico.<\/p>\n\n<p>Al ampliar su oferta de productos para incluir protectores de colch\u00f3n, fundas de almohada, mascarillas y mantas, FOX SHIELD garantiza que los profesionales de la salud y los pacientes se beneficien de productos higi\u00e9nicos y de alta calidad. El uso de estos productos ayuda a mejorar la higiene y a minimizar el riesgo de infecci\u00f3n, garantizando al mismo tiempo la comodidad y la funcionalidad. FOX SHIELD mantiene su compromiso de proporcionar soluciones innovadoras para satisfacer las necesidades del sector salud y promover la seguridad y el bienestar tanto de los profesionales de la salud como de los pacientes.<\/p>\n","protected":false},"excerpt":{"rendered":"<p>Productos sanitarios hechos de PyroTex\u00ae medic Adem\u00e1s de uniformes y pijamas m\u00e9dicas de alta calidad hechos de PyroTex\u00ae medic, FOX SHIELD tambi\u00e9n ofrece una variedad de productos de higiene para [&hellip;]<\/p>\n","protected":false},"author":1,"featured_media":0,"parent":0,"menu_order":0,"comment_status":"closed","ping_status":"closed","template":"","meta":{"footnotes":""},"yoast_head":"<!-- This site is optimized with the Yoast SEO plugin v21.5 - https:\/\/yoast.com\/wordpress\/plugins\/seo\/ -->\n<title>PyroTex\u00ae medic - FOX Shield<\/title>\n<meta name=\"robots\" content=\"index, follow, max-snippet:-1, max-image-preview:large, max-video-preview:-1\" \/>\n<link rel=\"canonical\" href=\"https:\/\/fox-shield.com\/es\/pyrotex-medic\/\" \/>\n<meta property=\"og:locale\" content=\"es_ES\" \/>\n<meta property=\"og:type\" content=\"article\" \/>\n<meta property=\"og:title\" content=\"PyroTex\u00ae medic - FOX Shield\" \/>\n<meta property=\"og:description\" content=\"Productos sanitarios hechos de PyroTex\u00ae medic Adem\u00e1s de uniformes y pijamas m\u00e9dicas de alta calidad hechos de PyroTex\u00ae medic, FOX SHIELD tambi\u00e9n ofrece una variedad de productos de higiene para [&hellip;]\" \/>\n<meta property=\"og:url\" content=\"https:\/\/fox-shield.com\/es\/pyrotex-medic\/\" \/>\n<meta property=\"og:site_name\" content=\"FOX Shield\" \/>\n<meta property=\"article:modified_time\" content=\"2023-10-24T07:58:58+00:00\" \/>\n<meta name=\"twitter:card\" content=\"summary_large_image\" \/>\n<meta name=\"twitter:label1\" content=\"Tiempo de lectura\" \/>\n\t<meta name=\"twitter:data1\" content=\"2 minutos\" \/>\n<script type=\"application\/ld+json\" class=\"yoast-schema-graph\">{\"@context\":\"https:\/\/schema.org\",\"@graph\":[{\"@type\":\"WebPage\",\"@id\":\"https:\/\/fox-shield.com\/es\/pyrotex-medic\/\",\"url\":\"https:\/\/fox-shield.com\/es\/pyrotex-medic\/\",\"name\":\"PyroTex\u00ae medic - FOX Shield\",\"isPartOf\":{\"@id\":\"https:\/\/fox-shield.com\/#website\"},\"datePublished\":\"2023-07-26T11:30:42+00:00\",\"dateModified\":\"2023-10-24T07:58:58+00:00\",\"breadcrumb\":{\"@id\":\"https:\/\/fox-shield.com\/es\/pyrotex-medic\/#breadcrumb\"},\"inLanguage\":\"es\",\"potentialAction\":[{\"@type\":\"ReadAction\",\"target\":[\"https:\/\/fox-shield.com\/es\/pyrotex-medic\/\"]}]},{\"@type\":\"BreadcrumbList\",\"@id\":\"https:\/\/fox-shield.com\/es\/pyrotex-medic\/#breadcrumb\",\"itemListElement\":[{\"@type\":\"ListItem\",\"position\":1,\"name\":\"Startseite\",\"item\":\"https:\/\/fox-shield.com\/es\/pagina-de-inicio\/\"},{\"@type\":\"ListItem\",\"position\":2,\"name\":\"PyroTex\u00ae medic\"}]},{\"@type\":\"WebSite\",\"@id\":\"https:\/\/fox-shield.com\/#website\",\"url\":\"https:\/\/fox-shield.com\/\",\"name\":\"FOX Shield\",\"description\":\"PyroTex for Extreme Conditions\",\"publisher\":{\"@id\":\"https:\/\/fox-shield.com\/#organization\"},\"potentialAction\":[{\"@type\":\"SearchAction\",\"target\":{\"@type\":\"EntryPoint\",\"urlTemplate\":\"https:\/\/fox-shield.com\/?s={search_term_string}\"},\"query-input\":\"required name=search_term_string\"}],\"inLanguage\":\"es\"},{\"@type\":\"Organization\",\"@id\":\"https:\/\/fox-shield.com\/#organization\",\"name\":\"FOX Shield\",\"url\":\"https:\/\/fox-shield.com\/\",\"logo\":{\"@type\":\"ImageObject\",\"inLanguage\":\"es\",\"@id\":\"https:\/\/fox-shield.com\/#\/schema\/logo\/image\/\",\"url\":\"https:\/\/fox-shield.com\/wp-content\/uploads\/2023\/06\/logo.svg\",\"contentUrl\":\"https:\/\/fox-shield.com\/wp-content\/uploads\/2023\/06\/logo.svg\",\"caption\":\"FOX Shield\"},\"image\":{\"@id\":\"https:\/\/fox-shield.com\/#\/schema\/logo\/image\/\"}}]}<\/script>\n<!-- \/ Yoast SEO plugin. -->","yoast_head_json":{"title":"PyroTex\u00ae medic - FOX Shield","robots":{"index":"index","follow":"follow","max-snippet":"max-snippet:-1","max-image-preview":"max-image-preview:large","max-video-preview":"max-video-preview:-1"},"canonical":"https:\/\/fox-shield.com\/es\/pyrotex-medic\/","og_locale":"es_ES","og_type":"article","og_title":"PyroTex\u00ae medic - FOX Shield","og_description":"Productos sanitarios hechos de PyroTex\u00ae medic Adem\u00e1s de uniformes y pijamas m\u00e9dicas de alta calidad hechos de PyroTex\u00ae medic, FOX SHIELD tambi\u00e9n ofrece una variedad de productos de higiene para [&hellip;]","og_url":"https:\/\/fox-shield.com\/es\/pyrotex-medic\/","og_site_name":"FOX Shield","article_modified_time":"2023-10-24T07:58:58+00:00","twitter_card":"summary_large_image","twitter_misc":{"Tiempo de lectura":"2 minutos"},"schema":{"@context":"https:\/\/schema.org","@graph":[{"@type":"WebPage","@id":"https:\/\/fox-shield.com\/es\/pyrotex-medic\/","url":"https:\/\/fox-shield.com\/es\/pyrotex-medic\/","name":"PyroTex\u00ae medic - FOX Shield","isPartOf":{"@id":"https:\/\/fox-shield.com\/#website"},"datePublished":"2023-07-26T11:30:42+00:00","dateModified":"2023-10-24T07:58:58+00:00","breadcrumb":{"@id":"https:\/\/fox-shield.com\/es\/pyrotex-medic\/#breadcrumb"},"inLanguage":"es","potentialAction":[{"@type":"ReadAction","target":["https:\/\/fox-shield.com\/es\/pyrotex-medic\/"]}]},{"@type":"BreadcrumbList","@id":"https:\/\/fox-shield.com\/es\/pyrotex-medic\/#breadcrumb","itemListElement":[{"@type":"ListItem","position":1,"name":"Startseite","item":"https:\/\/fox-shield.com\/es\/pagina-de-inicio\/"},{"@type":"ListItem","position":2,"name":"PyroTex\u00ae medic"}]},{"@type":"WebSite","@id":"https:\/\/fox-shield.com\/#website","url":"https:\/\/fox-shield.com\/","name":"FOX Shield","description":"PyroTex for Extreme Conditions","publisher":{"@id":"https:\/\/fox-shield.com\/#organization"},"potentialAction":[{"@type":"SearchAction","target":{"@type":"EntryPoint","urlTemplate":"https:\/\/fox-shield.com\/?s={search_term_string}"},"query-input":"required name=search_term_string"}],"inLanguage":"es"},{"@type":"Organization","@id":"https:\/\/fox-shield.com\/#organization","name":"FOX Shield","url":"https:\/\/fox-shield.com\/","logo":{"@type":"ImageObject","inLanguage":"es","@id":"https:\/\/fox-shield.com\/#\/schema\/logo\/image\/","url":"https:\/\/fox-shield.com\/wp-content\/uploads\/2023\/06\/logo.svg","contentUrl":"https:\/\/fox-shield.com\/wp-content\/uploads\/2023\/06\/logo.svg","caption":"FOX Shield"},"image":{"@id":"https:\/\/fox-shield.com\/#\/schema\/logo\/image\/"}}]}},"_links":{"self":[{"href":"https:\/\/fox-shield.com\/es\/wp-json\/wp\/v2\/pages\/868"}],"collection":[{"href":"https:\/\/fox-shield.com\/es\/wp-json\/wp\/v2\/pages"}],"about":[{"href":"https:\/\/fox-shield.com\/es\/wp-json\/wp\/v2\/types\/page"}],"author":[{"embeddable":true,"href":"https:\/\/fox-shield.com\/es\/wp-json\/wp\/v2\/users\/1"}],"replies":[{"embeddable":true,"href":"https:\/\/fox-shield.com\/es\/wp-json\/wp\/v2\/comments?post=868"}],"version-history":[{"count":1,"href":"https:\/\/fox-shield.com\/es\/wp-json\/wp\/v2\/pages\/868\/revisions"}],"predecessor-version":[{"id":869,"href":"https:\/\/fox-shield.com\/es\/wp-json\/wp\/v2\/pages\/868\/revisions\/869"}],"wp:attachment":[{"href":"https:\/\/fox-shield.com\/es\/wp-json\/wp\/v2\/media?parent=868"}],"curies":[{"name":"wp","href":"https:\/\/api.w.org\/{rel}","templated":true}]}}