{"id":859,"date":"2021-08-17T17:03:43","date_gmt":"2021-08-17T15:03:43","guid":{"rendered":"https:\/\/fox-shield.com\/pagina-de-inicio\/"},"modified":"2023-11-02T11:45:55","modified_gmt":"2023-11-02T09:45:55","slug":"pagina-de-inicio","status":"publish","type":"page","link":"https:\/\/fox-shield.com\/es\/","title":{"rendered":"P\u00e1gina de inicio"},"content":{"rendered":"\n<div id=\"athemes-blocks-block-b2d8ecb3\" class=\"wp-block-athemes-athemes-blocks-block-container athemes-blocks-block athemes-blocks-block-b2d8ecb3 athemes-blocks-block-container alignfull no-padding\"><div class=\"athemes-blocks-block-container-wrapper athemes-blocks-block-container-bg-cover athemes-blocks-block-container-bg-effect-scroll\"><div class=\"athemes-blocks-block-container-wrapper-content\">\n<div id=\"metaslider-id-985\" style=\"width: 100%; margin: 0 auto;\" class=\"ml-slider-3-50-0 metaslider metaslider-flex metaslider-985 ml-slider ms-theme-default nav-hidden\" role=\"region\" aria-roledescription=\"Slideshow\" aria-label=\"Hero [ES]\">\n    <div id=\"metaslider_container_985\">\n        <div id=\"metaslider_985\">\n            <ul aria-live=\"polite\" class=\"slides\">\n                <li style=\"display: block; width: 100%;\" class=\"slide-987 ms-image\" aria-roledescription=\"slide\" aria-label=\"slide-987\"><a href=\"https:\/\/fox-shield.com\/es\/tienda\/\" target=\"_self\"><img loading=\"lazy\" decoding=\"async\" src=\"https:\/\/fox-shield.com\/wp-content\/uploads\/2023\/11\/hero2-1-1600x750.jpg\" height=\"750\" width=\"1600\" alt=\"\" class=\"slider-985 slide-987\" title=\"hero2\" \/><\/a><div class=\"caption-wrap\"><div class=\"caption\">Su tienda en l\u00ednea B2B para una seguridad sostenible<\/div><\/div><\/li>\n                <li style=\"display: none; width: 100%;\" class=\"slide-986 ms-image\" aria-roledescription=\"slide\" aria-label=\"slide-986\"><a href=\"https:\/\/fox-shield.com\/es\/tienda\/\" target=\"_self\"><img loading=\"lazy\" decoding=\"async\" src=\"https:\/\/fox-shield.com\/wp-content\/uploads\/2023\/06\/hero-1600x750.jpg\" height=\"750\" width=\"1600\" alt=\"\" class=\"slider-985 slide-986\" title=\"hero\" \/><\/a><div class=\"caption-wrap\"><div class=\"caption\">Su tienda en l\u00ednea B2B para una seguridad sostenible<\/div><\/div><\/li>\n            <\/ul>\n        <\/div>\n        \n    <\/div>\n<\/div>\n<\/div><\/div><\/div>\n\n\n\n<div style=\"height:100px\" aria-hidden=\"true\" class=\"wp-block-spacer\"><\/div>\n\n\n\n<h3 class=\"wp-block-heading has-text-align-center\">Productos de protecci\u00f3n higi\u00e9nica y contra incendios<\/h3>\n\n\n\n<p class=\"has-text-align-center\">FOX SHIELD productos de higiene y seguridad hechos de <a href=\"https:\/\/fox-shield.com\/es\/pyrotex-medic\/\" data-type=\"page\" data-id=\"714\">PyroTex\u00ae <mark style=\"background-color:rgba(0, 0, 0, 0);color:#34bbda\" class=\"has-inline-color\">medic<\/mark><\/a> y <a href=\"https:\/\/fox-shield.com\/es\/pyrotex-classic\/\" data-type=\"page\" data-id=\"711\">PyroTex\u00ae <mark style=\"background-color:rgba(0, 0, 0, 0);color:#ffb607\" class=\"has-inline-color\">classic<\/mark><\/a><\/p>\n\n\n<div data-block-name=\"woocommerce\/product-new\" data-rows=\"1\" data-content-visibility=\"{&quot;title&quot;:true,&quot;price&quot;:false,&quot;rating&quot;:false,&quot;button&quot;:true}\" class=\"wc-block-grid wp-block-product-new wc-block-product-new has-3-columns\"><ul class=\"wc-block-grid__products\"><li class=\"wc-block-grid__product product-grid \">\n\t\t\t\t<div class=\"loop-image-wrap botiga-add-to-cart-button-layout2 botiga-quick-view-button-layout2\">\n\t\t\t\t\t<a href=\"https:\/\/fox-shield.com\/es\/produkt\/funda-de-almohada\/\" class=\"wc-block-grid__product-link\">\n\t\t\t\t\t\t<div class=\"wc-block-grid__product-image\"><img loading=\"lazy\" decoding=\"async\" width=\"420\" height=\"504\" src=\"https:\/\/fox-shield.com\/wp-content\/uploads\/2023\/07\/Kopfkissenbezug-420x504.jpg\" class=\"attachment-woocommerce_thumbnail size-woocommerce_thumbnail\" alt=\"Funda de almohada (PyroTex\u00ae medic)\" srcset=\"https:\/\/fox-shield.com\/wp-content\/uploads\/2023\/07\/Kopfkissenbezug-420x504.jpg 420w, https:\/\/fox-shield.com\/wp-content\/uploads\/2023\/07\/Kopfkissenbezug-250x300.jpg 250w, https:\/\/fox-shield.com\/wp-content\/uploads\/2023\/07\/Kopfkissenbezug-853x1024.jpg 853w, https:\/\/fox-shield.com\/wp-content\/uploads\/2023\/07\/Kopfkissenbezug-768x922.jpg 768w, https:\/\/fox-shield.com\/wp-content\/uploads\/2023\/07\/Kopfkissenbezug-920x1104.jpg 920w, https:\/\/fox-shield.com\/wp-content\/uploads\/2023\/07\/Kopfkissenbezug-575x690.jpg 575w, https:\/\/fox-shield.com\/wp-content\/uploads\/2023\/07\/Kopfkissenbezug-380x456.jpg 380w, https:\/\/fox-shield.com\/wp-content\/uploads\/2023\/07\/Kopfkissenbezug-800x960.jpg 800w, https:\/\/fox-shield.com\/wp-content\/uploads\/2023\/07\/Kopfkissenbezug.jpg 1050w\" sizes=\"(max-width: 420px) 100vw, 420px\" \/><\/div>\n\t\t\t\t\t<\/a>\n\t<a href=\"#\" class=\"button botiga-quick-view-show-on-hover botiga-quick-view botiga-quick-view-layout2\" aria-label=\"Vista r\u00e1pida del producto Funda de almohada (PyroTex\u00ae medic)\" data-product-id=\"899\" data-nonce=\"4a221ee202\">\n\t\tVista r\u00e1pida\t<\/a>\n\t<\/div><a href=\"https:\/\/fox-shield.com\/es\/produkt\/funda-de-almohada\/\" class=\"wc-block-grid__product-link\">\n\t\t\t\t\t<div class=\"wc-block-grid__product-title\">Funda de almohada (PyroTex\u00ae medic)<\/div>\n\t\t\t\t<\/a><div class=\"wp-block-button wc-block-grid__product-add-to-cart\"><div class=\"loop-button-wrap button-width-auto button-layout2 \"><a href=\"?add-to-cart=899\" aria-label=\"A\u00f1ade &ldquo;Funda de almohada (PyroTex\u00ae medic)&rdquo; a tu carrito\" data-quantity=\"1\" data-product_id=\"899\" data-product_sku=\"\" rel=\"nofollow\" class=\"button wp-block-button__link add_to_cart_button ajax_add_to_cart\">A\u00f1adir al carrito<\/a><\/div><\/div><\/li><li class=\"wc-block-grid__product product-grid \">\n\t\t\t\t<div class=\"loop-image-wrap botiga-add-to-cart-button-layout2 botiga-quick-view-button-layout2\">\n\t\t\t\t\t<a href=\"https:\/\/fox-shield.com\/es\/produkt\/protector-de-colchon\/\" class=\"wc-block-grid__product-link\">\n\t\t\t\t\t\t<div class=\"wc-block-grid__product-image\"><img loading=\"lazy\" decoding=\"async\" width=\"420\" height=\"504\" src=\"https:\/\/fox-shield.com\/wp-content\/uploads\/2023\/07\/Matratzenschoner-420x504.jpg\" class=\"attachment-woocommerce_thumbnail size-woocommerce_thumbnail\" alt=\"Funda de colch\u00f3n (PyroTex\u00ae medic)\" srcset=\"https:\/\/fox-shield.com\/wp-content\/uploads\/2023\/07\/Matratzenschoner-420x504.jpg 420w, https:\/\/fox-shield.com\/wp-content\/uploads\/2023\/07\/Matratzenschoner-250x300.jpg 250w, https:\/\/fox-shield.com\/wp-content\/uploads\/2023\/07\/Matratzenschoner-853x1024.jpg 853w, https:\/\/fox-shield.com\/wp-content\/uploads\/2023\/07\/Matratzenschoner-768x922.jpg 768w, https:\/\/fox-shield.com\/wp-content\/uploads\/2023\/07\/Matratzenschoner-920x1104.jpg 920w, https:\/\/fox-shield.com\/wp-content\/uploads\/2023\/07\/Matratzenschoner-575x690.jpg 575w, https:\/\/fox-shield.com\/wp-content\/uploads\/2023\/07\/Matratzenschoner-380x456.jpg 380w, https:\/\/fox-shield.com\/wp-content\/uploads\/2023\/07\/Matratzenschoner-800x960.jpg 800w, https:\/\/fox-shield.com\/wp-content\/uploads\/2023\/07\/Matratzenschoner.jpg 1050w\" sizes=\"(max-width: 420px) 100vw, 420px\" \/><\/div>\n\t\t\t\t\t<\/a>\n\t<a href=\"#\" class=\"button botiga-quick-view-show-on-hover botiga-quick-view botiga-quick-view-layout2\" aria-label=\"Vista r\u00e1pida del producto Funda de colch\u00f3n (PyroTex\u00ae medic)\" data-product-id=\"900\" data-nonce=\"4a221ee202\">\n\t\tVista r\u00e1pida\t<\/a>\n\t<\/div><a href=\"https:\/\/fox-shield.com\/es\/produkt\/protector-de-colchon\/\" class=\"wc-block-grid__product-link\">\n\t\t\t\t\t<div class=\"wc-block-grid__product-title\">Funda de colch\u00f3n (PyroTex\u00ae medic)<\/div>\n\t\t\t\t<\/a><div class=\"wp-block-button wc-block-grid__product-add-to-cart\"><div class=\"loop-button-wrap button-width-auto button-layout2 \"><a href=\"?add-to-cart=900\" aria-label=\"A\u00f1ade &ldquo;Funda de colch\u00f3n (PyroTex\u00ae medic)&rdquo; a tu carrito\" data-quantity=\"1\" data-product_id=\"900\" data-product_sku=\"\" rel=\"nofollow\" class=\"button wp-block-button__link add_to_cart_button ajax_add_to_cart\">A\u00f1adir al carrito<\/a><\/div><\/div><\/li><li class=\"wc-block-grid__product product-grid \">\n\t\t\t\t<div class=\"loop-image-wrap botiga-add-to-cart-button-layout2 botiga-quick-view-button-layout2\">\n\t\t\t\t\t<a href=\"https:\/\/fox-shield.com\/es\/produkt\/mascara-textil\/\" class=\"wc-block-grid__product-link\">\n\t\t\t\t\t\t<div class=\"wc-block-grid__product-image\"><img loading=\"lazy\" decoding=\"async\" width=\"420\" height=\"504\" src=\"https:\/\/fox-shield.com\/wp-content\/uploads\/2023\/06\/Maske-420x504.jpg\" class=\"attachment-woocommerce_thumbnail size-woocommerce_thumbnail\" alt=\"Mascarilla textil (PyroTex\u00ae medic)\" srcset=\"https:\/\/fox-shield.com\/wp-content\/uploads\/2023\/06\/Maske-420x504.jpg 420w, https:\/\/fox-shield.com\/wp-content\/uploads\/2023\/06\/Maske-250x300.jpg 250w, https:\/\/fox-shield.com\/wp-content\/uploads\/2023\/06\/Maske-853x1024.jpg 853w, https:\/\/fox-shield.com\/wp-content\/uploads\/2023\/06\/Maske-768x922.jpg 768w, https:\/\/fox-shield.com\/wp-content\/uploads\/2023\/06\/Maske-920x1104.jpg 920w, https:\/\/fox-shield.com\/wp-content\/uploads\/2023\/06\/Maske-575x690.jpg 575w, https:\/\/fox-shield.com\/wp-content\/uploads\/2023\/06\/Maske-380x456.jpg 380w, https:\/\/fox-shield.com\/wp-content\/uploads\/2023\/06\/Maske-800x960.jpg 800w, https:\/\/fox-shield.com\/wp-content\/uploads\/2023\/06\/Maske.jpg 1050w\" sizes=\"(max-width: 420px) 100vw, 420px\" \/><\/div>\n\t\t\t\t\t<\/a>\n\t<a href=\"#\" class=\"button botiga-quick-view-show-on-hover botiga-quick-view botiga-quick-view-layout2\" aria-label=\"Vista r\u00e1pida del producto Mascarilla textil (PyroTex\u00ae medic)\" data-product-id=\"895\" data-nonce=\"4a221ee202\">\n\t\tVista r\u00e1pida\t<\/a>\n\t<\/div><a href=\"https:\/\/fox-shield.com\/es\/produkt\/mascara-textil\/\" class=\"wc-block-grid__product-link\">\n\t\t\t\t\t<div class=\"wc-block-grid__product-title\">Mascarilla textil (PyroTex\u00ae medic)<\/div>\n\t\t\t\t<\/a><div class=\"wp-block-button wc-block-grid__product-add-to-cart\"><div class=\"loop-button-wrap button-width-auto button-layout2 \"><a href=\"?add-to-cart=895\" aria-label=\"A\u00f1ade &ldquo;Mascarilla textil (PyroTex\u00ae medic)&rdquo; a tu carrito\" data-quantity=\"1\" data-product_id=\"895\" data-product_sku=\"\" rel=\"nofollow\" class=\"button wp-block-button__link add_to_cart_button ajax_add_to_cart\">A\u00f1adir al carrito<\/a><\/div><\/div><\/li><\/ul><\/div>\n\n\n<div style=\"height:100px\" aria-hidden=\"true\" class=\"wp-block-spacer\"><\/div>\n\n\n\n<div id=\"athemes-blocks-block-20eccb3a\" class=\"wp-block-athemes-athemes-blocks-block-container athemes-blocks-block athemes-blocks-block-20eccb3a athemes-blocks-block-container alignfull\"><div class=\"athemes-blocks-block-container-wrapper athemes-blocks-block-container-bg-cover athemes-blocks-block-container-bg-effect-scroll\"><img class=\"athemes-blocks-background-image\" width=\"2000\" height=\"648\" srcset=\"https:\/\/fox-shield.com\/wp-content\/uploads\/2023\/06\/Hero-Fiber-150x150.jpg 150w, https:\/\/fox-shield.com\/wp-content\/uploads\/2023\/06\/Hero-Fiber-300x97.jpg 300w, https:\/\/fox-shield.com\/wp-content\/uploads\/2023\/06\/Hero-Fiber-1024x332.jpg 1024w, https:\/\/fox-shield.com\/wp-content\/uploads\/2023\/06\/Hero-Fiber.jpg 2000w, \" sizes=\"(max-width: 2000px) 100vw, 2000px\" alt=\"\" loading=\"lazy\"\/><div class=\"athemes-blocks-block-container-wrapper-content\">\n<h3 class=\"wp-block-heading has-text-align-left\">PyroTex para condiciones extremas<\/h3>\n\n\n\n<p>Desde misiones en condiciones extremas de fr\u00edo hasta la extinci\u00f3n de incendios al aire libre.<br>&#8211; FOX SHIELD\u00ae es la respuesta a la creciente demanda de equipos de protecci\u00f3n amigables con la piel fabricados con PyroTex\u00ae.<br>Equipo de protecci\u00f3n de PyroTex\u00ae.<\/p>\n\n\n\n<div class=\"wp-block-buttons is-horizontal is-content-justification-left is-layout-flex wp-container-core-buttons-layout-1 wp-block-buttons-is-layout-flex\">\n<div class=\"wp-block-button\"><a class=\"wp-block-button__link has-text-align-left wp-element-button\" href=\"https:\/\/fox-shield.com\/es\/nosotros\/\">SABER M\u00c1S<\/a><\/div>\n<\/div>\n<\/div><\/div><\/div>\n\n\n\n<div style=\"height:100px\" aria-hidden=\"true\" class=\"wp-block-spacer\"><\/div>\n\n\n\n<h3 class=\"wp-block-heading has-text-align-center\">Nuestras categor\u00edas de productos<\/h3>\n\n\n\n<p class=\"has-text-align-center\">Descubra las \u00faltimas innovaciones en higiene personal y protecci\u00f3n contra incendios fabricadas con fibras <a href=\"https:\/\/fox-shield.com\/es\/pyrotex-medic\/\" data-type=\"page\" data-id=\"714\">PyroTex<sup>\u00ae<\/sup> <mark style=\"background-color:rgba(0, 0, 0, 0);color:#34bbda\" class=\"has-inline-color\">medic<\/mark><\/a> y <a href=\"https:\/\/fox-shield.com\/es\/pyrotex-classic\/\" data-type=\"page\" data-id=\"711\">PyroTex<sup>\u00ae<\/sup> <mark style=\"background-color:rgba(0, 0, 0, 0);color:#ffb607\" class=\"has-inline-color\">classic<\/mark><\/a>.<\/p>\n\n\n\n<div class=\"wp-block-columns is-layout-flex wp-container-core-columns-layout-1 wp-block-columns-is-layout-flex\">\n<div class=\"wp-block-column is-layout-flow wp-block-column-is-layout-flow\"><div class=\"wp-block-image\">\n<figure class=\"aligncenter size-full\"><a href=\"https:\/\/fox-shield.com\/es\/categor&iacute;a de productos\/ignifugo\/\"><img loading=\"lazy\" decoding=\"async\" width=\"510\" height=\"490\" src=\"https:\/\/fox-shield.com\/wp-content\/uploads\/2023\/06\/Thumb-Handschuhe.jpg\" alt=\"\" class=\"wp-image-497\" srcset=\"https:\/\/fox-shield.com\/wp-content\/uploads\/2023\/06\/Thumb-Handschuhe.jpg 510w, https:\/\/fox-shield.com\/wp-content\/uploads\/2023\/06\/Thumb-Handschuhe-300x288.jpg 300w, https:\/\/fox-shield.com\/wp-content\/uploads\/2023\/06\/Thumb-Handschuhe-380x365.jpg 380w, https:\/\/fox-shield.com\/wp-content\/uploads\/2023\/06\/Thumb-Handschuhe-420x404.jpg 420w\" sizes=\"(max-width: 510px) 100vw, 510px\" \/><\/a><\/figure><\/div>\n\n\n<div style=\"height:25px\" aria-hidden=\"true\" class=\"wp-block-spacer\"><\/div>\n\n\n\n<p class=\"has-text-align-center\"><a href=\"https:\/\/fox-shield.com\/es\/categor&iacute;a de productos\/ignifugo\/\">Ign\u00edfugo<\/a><\/p>\n<\/div>\n\n\n\n<div class=\"wp-block-column is-layout-flow wp-block-column-is-layout-flow\"><div class=\"wp-block-image\">\n<figure class=\"aligncenter size-full\"><a href=\"https:\/\/fox-shield.com\/es\/categor&iacute;a de productos\/antibacterial-es-2\/\"><img loading=\"lazy\" decoding=\"async\" width=\"510\" height=\"490\" src=\"https:\/\/fox-shield.com\/wp-content\/uploads\/2023\/06\/Thumb-Scrubs.jpg\" alt=\"\" class=\"wp-image-498\" srcset=\"https:\/\/fox-shield.com\/wp-content\/uploads\/2023\/06\/Thumb-Scrubs.jpg 510w, https:\/\/fox-shield.com\/wp-content\/uploads\/2023\/06\/Thumb-Scrubs-300x288.jpg 300w, https:\/\/fox-shield.com\/wp-content\/uploads\/2023\/06\/Thumb-Scrubs-380x365.jpg 380w, https:\/\/fox-shield.com\/wp-content\/uploads\/2023\/06\/Thumb-Scrubs-420x404.jpg 420w\" sizes=\"(max-width: 510px) 100vw, 510px\" \/><\/a><\/figure><\/div>\n\n\n<div style=\"height:25px\" aria-hidden=\"true\" class=\"wp-block-spacer\"><\/div>\n\n\n\n<p class=\"has-text-align-center\"><a href=\"https:\/\/fox-shield.com\/es\/categor&iacute;a de productos\/antibacterial-es-2\/\" data-type=\"URL\" data-id=\"https:\/\/demo.athemes.com\/botiga\/product-category\/cosmetics\/\">Antibacterias<\/a><\/p>\n<\/div>\n\n\n\n<div class=\"wp-block-column is-layout-flow wp-block-column-is-layout-flow\"><div class=\"wp-block-image\">\n<figure class=\"aligncenter size-full\"><a href=\"https:\/\/fox-shield.com\/es\/categor&iacute;a de productos\/proteccion-contra-fallas-de-arco-electrico\/\"><img loading=\"lazy\" decoding=\"async\" width=\"510\" height=\"490\" src=\"https:\/\/fox-shield.com\/wp-content\/uploads\/2023\/06\/Thumb-Handschuhe.jpg\" alt=\"\" class=\"wp-image-497\" srcset=\"https:\/\/fox-shield.com\/wp-content\/uploads\/2023\/06\/Thumb-Handschuhe.jpg 510w, https:\/\/fox-shield.com\/wp-content\/uploads\/2023\/06\/Thumb-Handschuhe-300x288.jpg 300w, https:\/\/fox-shield.com\/wp-content\/uploads\/2023\/06\/Thumb-Handschuhe-380x365.jpg 380w, https:\/\/fox-shield.com\/wp-content\/uploads\/2023\/06\/Thumb-Handschuhe-420x404.jpg 420w\" sizes=\"(max-width: 510px) 100vw, 510px\" \/><\/a><\/figure><\/div>\n\n\n<div style=\"height:25px\" aria-hidden=\"true\" class=\"wp-block-spacer\"><\/div>\n\n\n\n<p class=\"has-text-align-center\"><a href=\"https:\/\/fox-shield.com\/es\/categor&iacute;a de productos\/proteccion-contra-fallas-de-arco-electrico\/\" data-type=\"URL\" data-id=\"https:\/\/demo.athemes.com\/botiga\/product-category\/cosmetics\/\">Protecci\u00f3n contra fallas de arco el\u00e9ctrico<\/a><\/p>\n<\/div>\n\n\n\n<div class=\"wp-block-column is-layout-flow wp-block-column-is-layout-flow\"><div class=\"wp-block-image\">\n<figure class=\"aligncenter size-full\"><a href=\"https:\/\/fox-shield.com\/es\/categor&iacute;a de productos\/antiestatico\/\"><img loading=\"lazy\" decoding=\"async\" width=\"510\" height=\"490\" src=\"https:\/\/fox-shield.com\/wp-content\/uploads\/2023\/06\/Thumb-Scrubs.jpg\" alt=\"\" class=\"wp-image-498\" srcset=\"https:\/\/fox-shield.com\/wp-content\/uploads\/2023\/06\/Thumb-Scrubs.jpg 510w, https:\/\/fox-shield.com\/wp-content\/uploads\/2023\/06\/Thumb-Scrubs-300x288.jpg 300w, https:\/\/fox-shield.com\/wp-content\/uploads\/2023\/06\/Thumb-Scrubs-380x365.jpg 380w, https:\/\/fox-shield.com\/wp-content\/uploads\/2023\/06\/Thumb-Scrubs-420x404.jpg 420w\" sizes=\"(max-width: 510px) 100vw, 510px\" \/><\/a><\/figure><\/div>\n\n\n<div style=\"height:25px\" aria-hidden=\"true\" class=\"wp-block-spacer\"><\/div>\n\n\n\n<p class=\"has-text-align-center\"><a href=\"https:\/\/fox-shield.com\/es\/categor&iacute;a de productos\/antiestatico\/\">Antiest\u00e1tico<\/a><\/p>\n<\/div>\n\n\n\n<div class=\"wp-block-column is-layout-flow wp-block-column-is-layout-flow\"><div class=\"wp-block-image\">\n<figure class=\"aligncenter size-full\"><a href=\"https:\/\/fox-shield.com\/es\/categor&iacute;a de productos\/antiviral\/\"><img loading=\"lazy\" decoding=\"async\" width=\"510\" height=\"490\" src=\"https:\/\/fox-shield.com\/wp-content\/uploads\/2023\/06\/Thumb-Scrubs.jpg\" alt=\"\" class=\"wp-image-498\" srcset=\"https:\/\/fox-shield.com\/wp-content\/uploads\/2023\/06\/Thumb-Scrubs.jpg 510w, https:\/\/fox-shield.com\/wp-content\/uploads\/2023\/06\/Thumb-Scrubs-300x288.jpg 300w, https:\/\/fox-shield.com\/wp-content\/uploads\/2023\/06\/Thumb-Scrubs-380x365.jpg 380w, https:\/\/fox-shield.com\/wp-content\/uploads\/2023\/06\/Thumb-Scrubs-420x404.jpg 420w\" sizes=\"(max-width: 510px) 100vw, 510px\" \/><\/a><\/figure><\/div>\n\n\n<div style=\"height:25px\" aria-hidden=\"true\" class=\"wp-block-spacer\"><\/div>\n\n\n\n<p class=\"has-text-align-center\"><a href=\"https:\/\/fox-shield.com\/es\/categor&iacute;a de productos\/antiviral\/\">Antiviral<\/a><\/p>\n<\/div>\n<\/div>\n\n\n\n<div style=\"height:90px\" aria-hidden=\"true\" class=\"wp-block-spacer\"><\/div>\n\n\n\n<div id=\"athemes-blocks-block-eeee44ff\" class=\"wp-block-athemes-athemes-blocks-block-container athemes-blocks-block athemes-blocks-block-eeee44ff athemes-blocks-block-container alignfull\"><div class=\"athemes-blocks-block-container-wrapper athemes-blocks-block-container-bg-cover athemes-blocks-block-container-bg-effect-scroll\"><div class=\"athemes-blocks-block-container-wrapper-content\"><\/div><\/div><\/div>\n","protected":false},"excerpt":{"rendered":"<p>Productos de protecci\u00f3n higi\u00e9nica y contra incendios FOX SHIELD productos de higiene y seguridad hechos de PyroTex\u00ae medic y PyroTex\u00ae classic Nuestras categor\u00edas de productos Descubra las \u00faltimas innovaciones en [&hellip;]<\/p>\n","protected":false},"author":1,"featured_media":0,"parent":0,"menu_order":0,"comment_status":"closed","ping_status":"closed","template":"","meta":{"footnotes":""},"yoast_head":"<!-- This site is optimized with the Yoast SEO plugin v21.5 - https:\/\/yoast.com\/wordpress\/plugins\/seo\/ -->\n<title>P\u00e1gina de inicio - FOX Shield<\/title>\n<meta name=\"robots\" content=\"index, follow, max-snippet:-1, max-image-preview:large, max-video-preview:-1\" \/>\n<link rel=\"canonical\" href=\"https:\/\/fox-shield.com\/es\/pagina-de-inicio\/\" \/>\n<meta property=\"og:locale\" content=\"es_ES\" \/>\n<meta property=\"og:type\" content=\"article\" \/>\n<meta property=\"og:title\" content=\"P\u00e1gina de inicio - FOX Shield\" \/>\n<meta property=\"og:description\" content=\"Productos de protecci\u00f3n higi\u00e9nica y contra incendios FOX SHIELD productos de higiene y seguridad hechos de PyroTex\u00ae medic y PyroTex\u00ae classic Nuestras categor\u00edas de productos Descubra las \u00faltimas innovaciones en [&hellip;]\" \/>\n<meta property=\"og:url\" content=\"https:\/\/fox-shield.com\/es\/pagina-de-inicio\/\" \/>\n<meta property=\"og:site_name\" content=\"FOX Shield\" \/>\n<meta property=\"article:modified_time\" content=\"2023-11-02T09:45:55+00:00\" \/>\n<meta property=\"og:image\" content=\"https:\/\/fox-shield.com\/wp-content\/uploads\/2023\/06\/Thumb-Handschuhe.jpg\" \/>\n<meta name=\"twitter:card\" content=\"summary_large_image\" \/>\n<meta name=\"twitter:label1\" content=\"Tiempo de lectura\" \/>\n\t<meta name=\"twitter:data1\" content=\"1 minuto\" \/>\n<script type=\"application\/ld+json\" class=\"yoast-schema-graph\">{\"@context\":\"https:\/\/schema.org\",\"@graph\":[{\"@type\":\"WebPage\",\"@id\":\"https:\/\/fox-shield.com\/es\/pagina-de-inicio\/\",\"url\":\"https:\/\/fox-shield.com\/es\/pagina-de-inicio\/\",\"name\":\"P\u00e1gina de inicio - FOX Shield\",\"isPartOf\":{\"@id\":\"https:\/\/fox-shield.com\/#website\"},\"datePublished\":\"2021-08-17T15:03:43+00:00\",\"dateModified\":\"2023-11-02T09:45:55+00:00\",\"breadcrumb\":{\"@id\":\"https:\/\/fox-shield.com\/es\/pagina-de-inicio\/#breadcrumb\"},\"inLanguage\":\"es\",\"potentialAction\":[{\"@type\":\"ReadAction\",\"target\":[\"https:\/\/fox-shield.com\/es\/pagina-de-inicio\/\"]}]},{\"@type\":\"BreadcrumbList\",\"@id\":\"https:\/\/fox-shield.com\/es\/pagina-de-inicio\/#breadcrumb\",\"itemListElement\":[{\"@type\":\"ListItem\",\"position\":1,\"name\":\"Startseite\",\"item\":\"https:\/\/fox-shield.com\/es\/pagina-de-inicio\/\"},{\"@type\":\"ListItem\",\"position\":2,\"name\":\"P\u00e1gina de inicio\"}]},{\"@type\":\"WebSite\",\"@id\":\"https:\/\/fox-shield.com\/#website\",\"url\":\"https:\/\/fox-shield.com\/\",\"name\":\"FOX Shield\",\"description\":\"PyroTex for Extreme Conditions\",\"publisher\":{\"@id\":\"https:\/\/fox-shield.com\/#organization\"},\"potentialAction\":[{\"@type\":\"SearchAction\",\"target\":{\"@type\":\"EntryPoint\",\"urlTemplate\":\"https:\/\/fox-shield.com\/?s={search_term_string}\"},\"query-input\":\"required name=search_term_string\"}],\"inLanguage\":\"es\"},{\"@type\":\"Organization\",\"@id\":\"https:\/\/fox-shield.com\/#organization\",\"name\":\"FOX Shield\",\"url\":\"https:\/\/fox-shield.com\/\",\"logo\":{\"@type\":\"ImageObject\",\"inLanguage\":\"es\",\"@id\":\"https:\/\/fox-shield.com\/#\/schema\/logo\/image\/\",\"url\":\"https:\/\/fox-shield.com\/wp-content\/uploads\/2023\/06\/logo.svg\",\"contentUrl\":\"https:\/\/fox-shield.com\/wp-content\/uploads\/2023\/06\/logo.svg\",\"caption\":\"FOX Shield\"},\"image\":{\"@id\":\"https:\/\/fox-shield.com\/#\/schema\/logo\/image\/\"}}]}<\/script>\n<!-- \/ Yoast SEO plugin. -->","yoast_head_json":{"title":"P\u00e1gina de inicio - FOX Shield","robots":{"index":"index","follow":"follow","max-snippet":"max-snippet:-1","max-image-preview":"max-image-preview:large","max-video-preview":"max-video-preview:-1"},"canonical":"https:\/\/fox-shield.com\/es\/pagina-de-inicio\/","og_locale":"es_ES","og_type":"article","og_title":"P\u00e1gina de inicio - FOX Shield","og_description":"Productos de protecci\u00f3n higi\u00e9nica y contra incendios FOX SHIELD productos de higiene y seguridad hechos de PyroTex\u00ae medic y PyroTex\u00ae classic Nuestras categor\u00edas de productos Descubra las \u00faltimas innovaciones en [&hellip;]","og_url":"https:\/\/fox-shield.com\/es\/pagina-de-inicio\/","og_site_name":"FOX Shield","article_modified_time":"2023-11-02T09:45:55+00:00","og_image":[{"url":"https:\/\/fox-shield.com\/wp-content\/uploads\/2023\/06\/Thumb-Handschuhe.jpg"}],"twitter_card":"summary_large_image","twitter_misc":{"Tiempo de lectura":"1 minuto"},"schema":{"@context":"https:\/\/schema.org","@graph":[{"@type":"WebPage","@id":"https:\/\/fox-shield.com\/es\/pagina-de-inicio\/","url":"https:\/\/fox-shield.com\/es\/pagina-de-inicio\/","name":"P\u00e1gina de inicio - FOX Shield","isPartOf":{"@id":"https:\/\/fox-shield.com\/#website"},"datePublished":"2021-08-17T15:03:43+00:00","dateModified":"2023-11-02T09:45:55+00:00","breadcrumb":{"@id":"https:\/\/fox-shield.com\/es\/pagina-de-inicio\/#breadcrumb"},"inLanguage":"es","potentialAction":[{"@type":"ReadAction","target":["https:\/\/fox-shield.com\/es\/pagina-de-inicio\/"]}]},{"@type":"BreadcrumbList","@id":"https:\/\/fox-shield.com\/es\/pagina-de-inicio\/#breadcrumb","itemListElement":[{"@type":"ListItem","position":1,"name":"Startseite","item":"https:\/\/fox-shield.com\/es\/pagina-de-inicio\/"},{"@type":"ListItem","position":2,"name":"P\u00e1gina de inicio"}]},{"@type":"WebSite","@id":"https:\/\/fox-shield.com\/#website","url":"https:\/\/fox-shield.com\/","name":"FOX Shield","description":"PyroTex for Extreme Conditions","publisher":{"@id":"https:\/\/fox-shield.com\/#organization"},"potentialAction":[{"@type":"SearchAction","target":{"@type":"EntryPoint","urlTemplate":"https:\/\/fox-shield.com\/?s={search_term_string}"},"query-input":"required name=search_term_string"}],"inLanguage":"es"},{"@type":"Organization","@id":"https:\/\/fox-shield.com\/#organization","name":"FOX Shield","url":"https:\/\/fox-shield.com\/","logo":{"@type":"ImageObject","inLanguage":"es","@id":"https:\/\/fox-shield.com\/#\/schema\/logo\/image\/","url":"https:\/\/fox-shield.com\/wp-content\/uploads\/2023\/06\/logo.svg","contentUrl":"https:\/\/fox-shield.com\/wp-content\/uploads\/2023\/06\/logo.svg","caption":"FOX Shield"},"image":{"@id":"https:\/\/fox-shield.com\/#\/schema\/logo\/image\/"}}]}},"_links":{"self":[{"href":"https:\/\/fox-shield.com\/es\/wp-json\/wp\/v2\/pages\/859"}],"collection":[{"href":"https:\/\/fox-shield.com\/es\/wp-json\/wp\/v2\/pages"}],"about":[{"href":"https:\/\/fox-shield.com\/es\/wp-json\/wp\/v2\/types\/page"}],"author":[{"embeddable":true,"href":"https:\/\/fox-shield.com\/es\/wp-json\/wp\/v2\/users\/1"}],"replies":[{"embeddable":true,"href":"https:\/\/fox-shield.com\/es\/wp-json\/wp\/v2\/comments?post=859"}],"version-history":[{"count":11,"href":"https:\/\/fox-shield.com\/es\/wp-json\/wp\/v2\/pages\/859\/revisions"}],"predecessor-version":[{"id":995,"href":"https:\/\/fox-shield.com\/es\/wp-json\/wp\/v2\/pages\/859\/revisions\/995"}],"wp:attachment":[{"href":"https:\/\/fox-shield.com\/es\/wp-json\/wp\/v2\/media?parent=859"}],"curies":[{"name":"wp","href":"https:\/\/api.w.org\/{rel}","templated":true}]}}